{"id":111,"date":"2023-07-06T08:24:38","date_gmt":"2023-07-06T08:24:38","guid":{"rendered":"https:\/\/farmservices.fr\/?page_id=111"},"modified":"2023-07-31T08:42:08","modified_gmt":"2023-07-31T06:42:08","slug":"controle-machine-a-traire","status":"publish","type":"page","link":"https:\/\/farmservices.fr\/index.php\/controle-machine-a-traire\/","title":{"rendered":"Contr\u00f4le Machine \u00e0 Traire"},"content":{"rendered":"\t\t<div data-elementor-type=\"wp-page\" data-elementor-id=\"111\" class=\"elementor elementor-111\">\n\t\t\t\t\t\t<section class=\"elementor-section elementor-top-section elementor-element elementor-element-1efa1bf elementor-section-boxed elementor-section-height-default elementor-section-height-default exad-glass-effect-no exad-sticky-section-no\" data-id=\"1efa1bf\" data-element_type=\"section\" data-e-type=\"section\">\n\t\t\t\t\t\t<div class=\"elementor-container elementor-column-gap-default\">\n\t\t\t\t\t<div class=\"elementor-column elementor-col-50 elementor-top-column elementor-element elementor-element-5e25c02 exad-glass-effect-no exad-sticky-section-no\" data-id=\"5e25c02\" data-element_type=\"column\" data-e-type=\"column\">\n\t\t\t<div class=\"elementor-widget-wrap elementor-element-populated\">\n\t\t\t\t\t\t<div class=\"elementor-element elementor-element-622fda4 exad-sticky-section-no exad-glass-effect-no elementor-widget elementor-widget-heading\" data-id=\"622fda4\" data-element_type=\"widget\" data-e-type=\"widget\" data-widget_type=\"heading.default\">\n\t\t\t\t<div class=\"elementor-widget-container\">\n\t\t\t\t\t<h2 class=\"elementor-heading-title elementor-size-default\">Technicien certifi\u00e9<\/h2>\t\t\t\t<\/div>\n\t\t\t\t<\/div>\n\t\t\t\t<div class=\"elementor-element elementor-element-970e1f5 exad-sticky-section-no exad-glass-effect-no elementor-widget elementor-widget-text-editor\" data-id=\"970e1f5\" data-element_type=\"widget\" data-e-type=\"widget\" data-widget_type=\"text-editor.default\">\n\t\t\t\t<div class=\"elementor-widget-container\">\n\t\t\t\t\t\t\t\t\t<ul><li><span class=\"WdYUQQ text-decoration-none text-strikethrough-none\" style=\"color: #545454; font-weight: bold;\">Deux de nos techniciens sont form\u00e9s \u00e0 la certification qualit\u00e9 Opti&rsquo;Traite et Certi&rsquo;Traite.<\/span><\/li><li><span class=\"WdYUQQ text-decoration-none text-strikethrough-none\" style=\"color: #545454; font-weight: bold;\">Un gage de qualit\u00e9 que nous nous for\u00e7ons de vous apporter.<\/span><\/li><\/ul>\t\t\t\t\t\t\t\t<\/div>\n\t\t\t\t<\/div>\n\t\t\t\t\t<\/div>\n\t\t<\/div>\n\t\t\t\t<div class=\"elementor-column elementor-col-50 elementor-top-column elementor-element elementor-element-c990406 exad-glass-effect-no exad-sticky-section-no\" data-id=\"c990406\" data-element_type=\"column\" data-e-type=\"column\">\n\t\t\t<div class=\"elementor-widget-wrap elementor-element-populated\">\n\t\t\t\t\t\t<div class=\"elementor-element elementor-element-ad1cc61 exad-sticky-section-no exad-glass-effect-no elementor-widget elementor-widget-image\" data-id=\"ad1cc61\" data-element_type=\"widget\" data-e-type=\"widget\" data-widget_type=\"image.default\">\n\t\t\t\t<div class=\"elementor-widget-container\">\n\t\t\t\t\t\t\t\t\t\t\t\t\t\t\t<img fetchpriority=\"high\" decoding=\"async\" width=\"768\" height=\"512\" src=\"https:\/\/farmservices.fr\/wp-content\/uploads\/2023\/07\/DSC_8948-768x512.jpg\" class=\"attachment-medium_large size-medium_large wp-image-169\" alt=\"\" srcset=\"https:\/\/farmservices.fr\/wp-content\/uploads\/2023\/07\/DSC_8948-768x512.jpg 768w, https:\/\/farmservices.fr\/wp-content\/uploads\/2023\/07\/DSC_8948-300x200.jpg 300w, https:\/\/farmservices.fr\/wp-content\/uploads\/2023\/07\/DSC_8948-1024x683.jpg 1024w, https:\/\/farmservices.fr\/wp-content\/uploads\/2023\/07\/DSC_8948-1536x1024.jpg 1536w, https:\/\/farmservices.fr\/wp-content\/uploads\/2023\/07\/DSC_8948-2048x1365.jpg 2048w\" sizes=\"(max-width: 768px) 100vw, 768px\" \/>\t\t\t\t\t\t\t\t\t\t\t\t\t\t\t<\/div>\n\t\t\t\t<\/div>\n\t\t\t\t\t<\/div>\n\t\t<\/div>\n\t\t\t\t\t<\/div>\n\t\t<\/section>\n\t\t\t\t<section class=\"elementor-section elementor-top-section elementor-element elementor-element-8a828e1 elementor-section-boxed elementor-section-height-default elementor-section-height-default exad-glass-effect-no exad-sticky-section-no\" data-id=\"8a828e1\" data-element_type=\"section\" data-e-type=\"section\">\n\t\t\t\t\t\t<div class=\"elementor-container elementor-column-gap-default\">\n\t\t\t\t\t<div class=\"elementor-column elementor-col-50 elementor-top-column elementor-element elementor-element-3f84ddd exad-glass-effect-no exad-sticky-section-no\" data-id=\"3f84ddd\" data-element_type=\"column\" data-e-type=\"column\">\n\t\t\t<div class=\"elementor-widget-wrap elementor-element-populated\">\n\t\t\t\t\t\t<div class=\"elementor-element elementor-element-a691582 exad-sticky-section-no exad-glass-effect-no elementor-widget elementor-widget-image\" data-id=\"a691582\" data-element_type=\"widget\" data-e-type=\"widget\" data-widget_type=\"image.default\">\n\t\t\t\t<div class=\"elementor-widget-container\">\n\t\t\t\t\t\t\t\t\t\t\t\t\t\t\t<img decoding=\"async\" width=\"768\" height=\"512\" src=\"https:\/\/farmservices.fr\/wp-content\/uploads\/2023\/07\/DSC_8946-768x512.jpg\" class=\"attachment-medium_large size-medium_large wp-image-401\" alt=\"\" srcset=\"https:\/\/farmservices.fr\/wp-content\/uploads\/2023\/07\/DSC_8946-768x512.jpg 768w, https:\/\/farmservices.fr\/wp-content\/uploads\/2023\/07\/DSC_8946-300x200.jpg 300w, https:\/\/farmservices.fr\/wp-content\/uploads\/2023\/07\/DSC_8946-1024x683.jpg 1024w, https:\/\/farmservices.fr\/wp-content\/uploads\/2023\/07\/DSC_8946-1536x1024.jpg 1536w, https:\/\/farmservices.fr\/wp-content\/uploads\/2023\/07\/DSC_8946-2048x1366.jpg 2048w\" sizes=\"(max-width: 768px) 100vw, 768px\" \/>\t\t\t\t\t\t\t\t\t\t\t\t\t\t\t<\/div>\n\t\t\t\t<\/div>\n\t\t\t\t\t<\/div>\n\t\t<\/div>\n\t\t\t\t<div class=\"elementor-column elementor-col-50 elementor-top-column elementor-element elementor-element-be09004 exad-glass-effect-no exad-sticky-section-no\" data-id=\"be09004\" data-element_type=\"column\" data-e-type=\"column\">\n\t\t\t<div class=\"elementor-widget-wrap elementor-element-populated\">\n\t\t\t\t\t\t<div class=\"elementor-element elementor-element-7222eed exad-sticky-section-no exad-glass-effect-no elementor-widget elementor-widget-heading\" data-id=\"7222eed\" data-element_type=\"widget\" data-e-type=\"widget\" data-widget_type=\"heading.default\">\n\t\t\t\t<div class=\"elementor-widget-container\">\n\t\t\t\t\t<h2 class=\"elementor-heading-title elementor-size-default\">Maintenance<\/h2>\t\t\t\t<\/div>\n\t\t\t\t<\/div>\n\t\t\t\t<div class=\"elementor-element elementor-element-c83d820 exad-sticky-section-no exad-glass-effect-no elementor-widget elementor-widget-text-editor\" data-id=\"c83d820\" data-element_type=\"widget\" data-e-type=\"widget\" data-widget_type=\"text-editor.default\">\n\t\t\t\t<div class=\"elementor-widget-container\">\n\t\t\t\t\t\t\t\t\t<p><span style=\"color: #545454; font-weight: bold;\">En plus du contr\u00f4le machine \u00e0 traire, une maintenance compl\u00e8te de votre installation est r\u00e9alis\u00e9e, nous vous changeons l&rsquo;int\u00e9gralit\u00e9 des pi\u00e8ces n\u00e9cessaires et us\u00e9es afin de garantir \u00e0 votre machine \u00e0 traire un bon fonctionnement jusqu&rsquo;\u00e0 votre prochain contr\u00f4le.<\/span><\/p>\t\t\t\t\t\t\t\t<\/div>\n\t\t\t\t<\/div>\n\t\t\t\t\t<\/div>\n\t\t<\/div>\n\t\t\t\t\t<\/div>\n\t\t<\/section>\n\t\t\t\t<section class=\"elementor-section elementor-top-section elementor-element elementor-element-5b529a3 elementor-section-boxed elementor-section-height-default elementor-section-height-default exad-glass-effect-no exad-sticky-section-no\" data-id=\"5b529a3\" data-element_type=\"section\" data-e-type=\"section\">\n\t\t\t\t\t\t<div class=\"elementor-container elementor-column-gap-default\">\n\t\t\t\t\t<div class=\"elementor-column elementor-col-100 elementor-top-column elementor-element elementor-element-24ec0b1 exad-glass-effect-no exad-sticky-section-no\" data-id=\"24ec0b1\" data-element_type=\"column\" data-e-type=\"column\">\n\t\t\t<div class=\"elementor-widget-wrap elementor-element-populated\">\n\t\t\t\t\t\t<div class=\"elementor-element elementor-element-73ea32b exad-sticky-section-no exad-glass-effect-no elementor-widget elementor-widget-spacer\" data-id=\"73ea32b\" data-element_type=\"widget\" data-e-type=\"widget\" data-widget_type=\"spacer.default\">\n\t\t\t\t<div class=\"elementor-widget-container\">\n\t\t\t\t\t\t\t<div class=\"elementor-spacer\">\n\t\t\t<div class=\"elementor-spacer-inner\"><\/div>\n\t\t<\/div>\n\t\t\t\t\t\t<\/div>\n\t\t\t\t<\/div>\n\t\t\t\t\t<\/div>\n\t\t<\/div>\n\t\t\t\t\t<\/div>\n\t\t<\/section>\n\t\t\t\t<section class=\"elementor-section elementor-top-section elementor-element elementor-element-10c6db9 elementor-section-boxed elementor-section-height-default elementor-section-height-default exad-glass-effect-no exad-sticky-section-no\" data-id=\"10c6db9\" data-element_type=\"section\" data-e-type=\"section\">\n\t\t\t\t\t\t<div class=\"elementor-container elementor-column-gap-default\">\n\t\t\t\t\t<div class=\"elementor-column elementor-col-100 elementor-top-column elementor-element elementor-element-4d1b829 exad-glass-effect-no exad-sticky-section-no\" data-id=\"4d1b829\" data-element_type=\"column\" data-e-type=\"column\">\n\t\t\t<div class=\"elementor-widget-wrap elementor-element-populated\">\n\t\t\t\t\t\t<div class=\"elementor-element elementor-element-be4aadc exad-sticky-section-no exad-glass-effect-no elementor-widget elementor-widget-formidable\" data-id=\"be4aadc\" data-element_type=\"widget\" data-e-type=\"widget\" data-widget_type=\"formidable.default\">\n\t\t\t\t<div class=\"elementor-widget-container\">\n\t\t\t\t\t<div class=\"frm_forms  with_frm_style frm_style_formidable-style\" id=\"frm_form_3_container\" data-token=\"92aa4f34d8a9e2fadac78f4e0f87dc9c\">\n<form enctype=\"multipart\/form-data\" method=\"post\" class=\"frm-show-form \" id=\"form_inscriptioncontrlemachinetraire\" data-token=\"92aa4f34d8a9e2fadac78f4e0f87dc9c\">\n<div class=\"frm_form_fields \">\n<fieldset>\n<legend class=\"frm_screen_reader\">Inscription Contr\u00f4le Machine \u00e0 Traire<\/legend>\r\n\r\n<div class=\"frm_fields_container\">\n<input type=\"hidden\" name=\"frm_action\" value=\"create\" \/>\n<input type=\"hidden\" name=\"form_id\" value=\"3\" \/>\n<input type=\"hidden\" name=\"frm_hide_fields_3\" id=\"frm_hide_fields_3\" value=\"\" \/>\n<input type=\"hidden\" name=\"form_key\" value=\"inscriptioncontrlemachinetraire\" \/>\n<input type=\"hidden\" name=\"item_meta[0]\" value=\"\" \/>\n<input type=\"hidden\" id=\"frm_submit_entry_3\" name=\"frm_submit_entry_3\" value=\"9bfbff0182\" \/><input type=\"hidden\" name=\"_wp_http_referer\" value=\"\/index.php\/wp-json\/wp\/v2\/pages\/111\" \/><div id=\"frm_field_14_container\" class=\"frm_form_field form-field  frm_top_container frm_half frm_half\">\r\n    <label for=\"field_vycgj\" id=\"field_vycgj_label\" class=\"frm_primary_label\">Nom de la ferme\r\n        <span class=\"frm_required\" aria-hidden=\"true\"><\/span>\r\n    <\/label>\r\n    <input type=\"text\" id=\"field_vycgj\" name=\"item_meta[14]\" value=\"\"  data-invmsg=\"texte est non valide\" aria-invalid=\"false\"  \/>\r\n    \r\n    \r\n<\/div>\n<div id=\"frm_field_15_container\" class=\"frm_form_field form-field  frm_top_container frm_half frm_half\">\r\n    <label for=\"field_u5xht\" id=\"field_u5xht_label\" class=\"frm_primary_label\">Pr\u00e9nom NOM\r\n        <span class=\"frm_required\" aria-hidden=\"true\"><\/span>\r\n    <\/label>\r\n    <input type=\"text\" id=\"field_u5xht\" name=\"item_meta[15]\" value=\"\"  data-invmsg=\"texte est non valide\" aria-invalid=\"false\"  \/>\r\n    \r\n    \r\n<\/div>\n<div id=\"frm_field_16_container\" class=\"frm_form_field form-field  frm_top_container frm_half\">\r\n    <label for=\"field_ubzvq\" id=\"field_ubzvq_label\" class=\"frm_primary_label\">T\u00e9l\u00e9phone\r\n        <span class=\"frm_required\" aria-hidden=\"true\"><\/span>\r\n    <\/label>\r\n    <input type=\"tel\" id=\"field_ubzvq\" name=\"item_meta[16]\" value=\"\"  data-invmsg=\"T\u00e9l\u00e9phone est non valide\" aria-invalid=\"false\" pattern=\"((\\+\\d{1,3}(-|.| )?\\(?\\d\\)?(-| |.)?\\d{1,5})|(\\(?\\d{2,6}\\)?))(-|.| )?(\\d{3,4})(-|.| )?(\\d{4})(( x| ext)\\d{1,5}){0,1}$\"  \/>\r\n    \r\n    \r\n<\/div>\n<div id=\"frm_field_17_container\" class=\"frm_form_field form-field  frm_top_container frm_half\">\r\n    <label for=\"field_i0twf\" id=\"field_i0twf_label\" class=\"frm_primary_label\">Date du dernier contr\u00f4le\r\n        <span class=\"frm_required\" aria-hidden=\"true\"><\/span>\r\n    <\/label>\r\n    <input type=\"text\" id=\"field_i0twf\" name=\"item_meta[17]\" value=\"\"  data-invmsg=\"texte est non valide\" aria-invalid=\"false\"  \/>\r\n    \r\n    \r\n<\/div>\n<div id=\"frm_field_18_container\" class=\"frm_form_field form-field  frm_top_container\">\r\n    <label for=\"field_vh15r\" id=\"field_vh15r_label\" class=\"frm_primary_label\">Salle de traite\r\n        <span class=\"frm_required\" aria-hidden=\"true\"><\/span>\r\n    <\/label>\r\n    <input type=\"text\" id=\"field_vh15r\" name=\"item_meta[18]\" value=\"\"  placeholder=\"Quelle est votre salle de traite ?\" data-invmsg=\"texte est non valide\" aria-invalid=\"false\"  \/>\r\n    \r\n    \r\n<\/div>\n<div id=\"frm_field_19_container\" class=\"frm_form_field form-field  frm_top_container\">\r\n    <label for=\"field_3jtxs\" id=\"field_3jtxs_label\" class=\"frm_primary_label\">Remarque\r\n        <span class=\"frm_required\" aria-hidden=\"true\"><\/span>\r\n    <\/label>\r\n    <input type=\"text\" id=\"field_3jtxs\" name=\"item_meta[19]\" value=\"\"  placeholder=\"Remplissez ici des informations sur de potentiel besoin \/ probl\u00e8me de votre salle de traite\" data-invmsg=\"texte est non valide\" aria-invalid=\"false\"  \/>\r\n    \r\n    \r\n<\/div>\n\t<input type=\"hidden\" name=\"item_key\" value=\"\" \/>\n\t\t\t<div id=\"frm_field_20_container\">\n\t\t\t<label for=\"field_qonht\" >\n\t\t\t\tSi vous \u00eates un humain, ne remplissez pas ce champ.\t\t\t<\/label>\n\t\t\t<input  id=\"field_qonht\" type=\"text\" class=\"frm_form_field form-field frm_verify\" name=\"item_meta[20]\" value=\"\"  \/>\n\t\t<\/div>\n\t\t<input name=\"frm_state\" type=\"hidden\" value=\"QdJIGsx0r68ny6FJfigosFpv\/dPz4BdYF5flAYPdq6k=\" \/><div class=\"frm_submit\">\r\n\r\n<button class=\"frm_button_submit\" type=\"submit\"  >Envoyer<\/button>\r\n\r\n\r\n<\/div><\/div>\n<\/fieldset>\n<\/div>\n\n<\/form>\n<\/div>\n\t\t\t\t<\/div>\n\t\t\t\t<\/div>\n\t\t\t\t\t<\/div>\n\t\t<\/div>\n\t\t\t\t\t<\/div>\n\t\t<\/section>\n\t\t\t\t<\/div>\n\t\t","protected":false},"excerpt":{"rendered":"<p>Technicien certifi\u00e9 Deux de nos techniciens sont form\u00e9s \u00e0 la certification qualit\u00e9 Opti&rsquo;Traite et Certi&rsquo;Traite. Un gage de qualit\u00e9 que&hellip;<\/p>\n<p> <a class=\"more-link\" href=\"https:\/\/farmservices.fr\/index.php\/controle-machine-a-traire\/\">Lire la suite<\/a><\/p>\n","protected":false},"author":1,"featured_media":401,"parent":0,"menu_order":0,"comment_status":"closed","ping_status":"closed","template":"","meta":{"footnotes":""},"class_list":["post-111","page","type-page","status-publish","has-post-thumbnail"],"yoast_head":"<!-- This site is optimized with the Yoast SEO plugin v26.8 - https:\/\/yoast.com\/product\/yoast-seo-wordpress\/ -->\n<title>Contr\u00f4le Machine \u00e0 Traire - Farm Services<\/title>\n<meta name=\"description\" content=\"Contr\u00f4le machine \u00e0 traire chez Farm-Services, demandez directement sur notre site ou par t\u00e9l\u00e9phone nos tarifs ainsi qu&#039;une date de contr\u00f4le.\" \/>\n<meta name=\"robots\" content=\"index, follow, max-snippet:-1, max-image-preview:large, max-video-preview:-1\" \/>\n<link rel=\"canonical\" href=\"https:\/\/farmservices.fr\/index.php\/controle-machine-a-traire\/\" \/>\n<meta property=\"og:locale\" content=\"fr_FR\" \/>\n<meta property=\"og:type\" content=\"article\" \/>\n<meta property=\"og:title\" content=\"Contr\u00f4le Machine \u00e0 Traire - Farm Services\" \/>\n<meta property=\"og:description\" content=\"Contr\u00f4le machine \u00e0 traire chez Farm-Services, demandez directement sur notre site ou par t\u00e9l\u00e9phone nos tarifs ainsi qu&#039;une date de contr\u00f4le.\" \/>\n<meta property=\"og:url\" content=\"https:\/\/farmservices.fr\/index.php\/controle-machine-a-traire\/\" \/>\n<meta property=\"og:site_name\" content=\"Farm Services\" \/>\n<meta property=\"article:publisher\" content=\"https:\/\/www.facebook.com\/p\/Farm-Services-100081204763867\/\" \/>\n<meta property=\"article:modified_time\" content=\"2023-07-31T06:42:08+00:00\" \/>\n<meta property=\"og:image\" content=\"https:\/\/farmservices.fr\/wp-content\/uploads\/2023\/07\/DSC_8946-1024x683.jpg\" \/>\n\t<meta property=\"og:image:width\" content=\"1024\" \/>\n\t<meta property=\"og:image:height\" content=\"683\" \/>\n\t<meta property=\"og:image:type\" content=\"image\/jpeg\" \/>\n<meta name=\"twitter:card\" content=\"summary_large_image\" \/>\n<meta name=\"twitter:label1\" content=\"Dur\u00e9e de lecture estim\u00e9e\" \/>\n\t<meta name=\"twitter:data1\" content=\"1 minute\" \/>\n<script type=\"application\/ld+json\" class=\"yoast-schema-graph\">{\"@context\":\"https:\/\/schema.org\",\"@graph\":[{\"@type\":\"WebPage\",\"@id\":\"https:\/\/farmservices.fr\/index.php\/controle-machine-a-traire\/\",\"url\":\"https:\/\/farmservices.fr\/index.php\/controle-machine-a-traire\/\",\"name\":\"Contr\u00f4le Machine \u00e0 Traire - Farm Services\",\"isPartOf\":{\"@id\":\"https:\/\/farmservices.fr\/#website\"},\"primaryImageOfPage\":{\"@id\":\"https:\/\/farmservices.fr\/index.php\/controle-machine-a-traire\/#primaryimage\"},\"image\":{\"@id\":\"https:\/\/farmservices.fr\/index.php\/controle-machine-a-traire\/#primaryimage\"},\"thumbnailUrl\":\"https:\/\/farmservices.fr\/wp-content\/uploads\/2023\/07\/DSC_8946.jpg\",\"datePublished\":\"2023-07-06T08:24:38+00:00\",\"dateModified\":\"2023-07-31T06:42:08+00:00\",\"description\":\"Contr\u00f4le machine \u00e0 traire chez Farm-Services, demandez directement sur notre site ou par t\u00e9l\u00e9phone nos tarifs ainsi qu'une date de contr\u00f4le.\",\"breadcrumb\":{\"@id\":\"https:\/\/farmservices.fr\/index.php\/controle-machine-a-traire\/#breadcrumb\"},\"inLanguage\":\"fr-FR\",\"potentialAction\":[{\"@type\":\"ReadAction\",\"target\":[\"https:\/\/farmservices.fr\/index.php\/controle-machine-a-traire\/\"]}]},{\"@type\":\"ImageObject\",\"inLanguage\":\"fr-FR\",\"@id\":\"https:\/\/farmservices.fr\/index.php\/controle-machine-a-traire\/#primaryimage\",\"url\":\"https:\/\/farmservices.fr\/wp-content\/uploads\/2023\/07\/DSC_8946.jpg\",\"contentUrl\":\"https:\/\/farmservices.fr\/wp-content\/uploads\/2023\/07\/DSC_8946.jpg\",\"width\":2560,\"height\":1707},{\"@type\":\"BreadcrumbList\",\"@id\":\"https:\/\/farmservices.fr\/index.php\/controle-machine-a-traire\/#breadcrumb\",\"itemListElement\":[{\"@type\":\"ListItem\",\"position\":1,\"name\":\"acceuil\",\"item\":\"https:\/\/farmservices.fr\/\"},{\"@type\":\"ListItem\",\"position\":2,\"name\":\"Contr\u00f4le Machine \u00e0 Traire\"}]},{\"@type\":\"WebSite\",\"@id\":\"https:\/\/farmservices.fr\/#website\",\"url\":\"https:\/\/farmservices.fr\/\",\"name\":\"Farm Services\",\"description\":\"Farm-Services, le service \u00e0 la ferme\",\"potentialAction\":[{\"@type\":\"SearchAction\",\"target\":{\"@type\":\"EntryPoint\",\"urlTemplate\":\"https:\/\/farmservices.fr\/?s={search_term_string}\"},\"query-input\":{\"@type\":\"PropertyValueSpecification\",\"valueRequired\":true,\"valueName\":\"search_term_string\"}}],\"inLanguage\":\"fr-FR\"}]}<\/script>\n<!-- \/ Yoast SEO plugin. -->","yoast_head_json":{"title":"Contr\u00f4le Machine \u00e0 Traire - Farm Services","description":"Contr\u00f4le machine \u00e0 traire chez Farm-Services, demandez directement sur notre site ou par t\u00e9l\u00e9phone nos tarifs ainsi qu'une date de contr\u00f4le.","robots":{"index":"index","follow":"follow","max-snippet":"max-snippet:-1","max-image-preview":"max-image-preview:large","max-video-preview":"max-video-preview:-1"},"canonical":"https:\/\/farmservices.fr\/index.php\/controle-machine-a-traire\/","og_locale":"fr_FR","og_type":"article","og_title":"Contr\u00f4le Machine \u00e0 Traire - Farm Services","og_description":"Contr\u00f4le machine \u00e0 traire chez Farm-Services, demandez directement sur notre site ou par t\u00e9l\u00e9phone nos tarifs ainsi qu'une date de contr\u00f4le.","og_url":"https:\/\/farmservices.fr\/index.php\/controle-machine-a-traire\/","og_site_name":"Farm Services","article_publisher":"https:\/\/www.facebook.com\/p\/Farm-Services-100081204763867\/","article_modified_time":"2023-07-31T06:42:08+00:00","og_image":[{"width":1024,"height":683,"url":"https:\/\/farmservices.fr\/wp-content\/uploads\/2023\/07\/DSC_8946-1024x683.jpg","type":"image\/jpeg"}],"twitter_card":"summary_large_image","twitter_misc":{"Dur\u00e9e de lecture estim\u00e9e":"1 minute"},"schema":{"@context":"https:\/\/schema.org","@graph":[{"@type":"WebPage","@id":"https:\/\/farmservices.fr\/index.php\/controle-machine-a-traire\/","url":"https:\/\/farmservices.fr\/index.php\/controle-machine-a-traire\/","name":"Contr\u00f4le Machine \u00e0 Traire - Farm Services","isPartOf":{"@id":"https:\/\/farmservices.fr\/#website"},"primaryImageOfPage":{"@id":"https:\/\/farmservices.fr\/index.php\/controle-machine-a-traire\/#primaryimage"},"image":{"@id":"https:\/\/farmservices.fr\/index.php\/controle-machine-a-traire\/#primaryimage"},"thumbnailUrl":"https:\/\/farmservices.fr\/wp-content\/uploads\/2023\/07\/DSC_8946.jpg","datePublished":"2023-07-06T08:24:38+00:00","dateModified":"2023-07-31T06:42:08+00:00","description":"Contr\u00f4le machine \u00e0 traire chez Farm-Services, demandez directement sur notre site ou par t\u00e9l\u00e9phone nos tarifs ainsi qu'une date de contr\u00f4le.","breadcrumb":{"@id":"https:\/\/farmservices.fr\/index.php\/controle-machine-a-traire\/#breadcrumb"},"inLanguage":"fr-FR","potentialAction":[{"@type":"ReadAction","target":["https:\/\/farmservices.fr\/index.php\/controle-machine-a-traire\/"]}]},{"@type":"ImageObject","inLanguage":"fr-FR","@id":"https:\/\/farmservices.fr\/index.php\/controle-machine-a-traire\/#primaryimage","url":"https:\/\/farmservices.fr\/wp-content\/uploads\/2023\/07\/DSC_8946.jpg","contentUrl":"https:\/\/farmservices.fr\/wp-content\/uploads\/2023\/07\/DSC_8946.jpg","width":2560,"height":1707},{"@type":"BreadcrumbList","@id":"https:\/\/farmservices.fr\/index.php\/controle-machine-a-traire\/#breadcrumb","itemListElement":[{"@type":"ListItem","position":1,"name":"acceuil","item":"https:\/\/farmservices.fr\/"},{"@type":"ListItem","position":2,"name":"Contr\u00f4le Machine \u00e0 Traire"}]},{"@type":"WebSite","@id":"https:\/\/farmservices.fr\/#website","url":"https:\/\/farmservices.fr\/","name":"Farm Services","description":"Farm-Services, le service \u00e0 la ferme","potentialAction":[{"@type":"SearchAction","target":{"@type":"EntryPoint","urlTemplate":"https:\/\/farmservices.fr\/?s={search_term_string}"},"query-input":{"@type":"PropertyValueSpecification","valueRequired":true,"valueName":"search_term_string"}}],"inLanguage":"fr-FR"}]}},"_links":{"self":[{"href":"https:\/\/farmservices.fr\/index.php\/wp-json\/wp\/v2\/pages\/111","targetHints":{"allow":["GET"]}}],"collection":[{"href":"https:\/\/farmservices.fr\/index.php\/wp-json\/wp\/v2\/pages"}],"about":[{"href":"https:\/\/farmservices.fr\/index.php\/wp-json\/wp\/v2\/types\/page"}],"author":[{"embeddable":true,"href":"https:\/\/farmservices.fr\/index.php\/wp-json\/wp\/v2\/users\/1"}],"replies":[{"embeddable":true,"href":"https:\/\/farmservices.fr\/index.php\/wp-json\/wp\/v2\/comments?post=111"}],"version-history":[{"count":14,"href":"https:\/\/farmservices.fr\/index.php\/wp-json\/wp\/v2\/pages\/111\/revisions"}],"predecessor-version":[{"id":1842,"href":"https:\/\/farmservices.fr\/index.php\/wp-json\/wp\/v2\/pages\/111\/revisions\/1842"}],"wp:featuredmedia":[{"embeddable":true,"href":"https:\/\/farmservices.fr\/index.php\/wp-json\/wp\/v2\/media\/401"}],"wp:attachment":[{"href":"https:\/\/farmservices.fr\/index.php\/wp-json\/wp\/v2\/media?parent=111"}],"curies":[{"name":"wp","href":"https:\/\/api.w.org\/{rel}","templated":true}]}}