{"id":130,"date":"2023-07-06T08:36:23","date_gmt":"2023-07-06T08:36:23","guid":{"rendered":"https:\/\/farmservices.fr\/?page_id=130"},"modified":"2023-07-28T14:50:48","modified_gmt":"2023-07-28T12:50:48","slug":"piece-neuve-et-occasion","status":"publish","type":"page","link":"https:\/\/farmservices.fr\/index.php\/piece-neuve-et-occasion\/","title":{"rendered":"Pi\u00e8ce neuve et occasion"},"content":{"rendered":"\t\t<div data-elementor-type=\"wp-page\" data-elementor-id=\"130\" class=\"elementor elementor-130\">\n\t\t\t\t\t\t<section class=\"elementor-section elementor-top-section elementor-element elementor-element-facea2a elementor-section-boxed elementor-section-height-default elementor-section-height-default exad-glass-effect-no exad-sticky-section-no\" data-id=\"facea2a\" data-element_type=\"section\" data-e-type=\"section\">\n\t\t\t\t\t\t<div class=\"elementor-container elementor-column-gap-default\">\n\t\t\t\t\t<div class=\"elementor-column elementor-col-50 elementor-top-column elementor-element elementor-element-31459ea exad-glass-effect-no exad-sticky-section-no\" data-id=\"31459ea\" data-element_type=\"column\" data-e-type=\"column\">\n\t\t\t<div class=\"elementor-widget-wrap elementor-element-populated\">\n\t\t\t\t\t\t<div class=\"elementor-element elementor-element-ff9ef66 exad-sticky-section-no exad-glass-effect-no elementor-widget elementor-widget-heading\" data-id=\"ff9ef66\" data-element_type=\"widget\" data-e-type=\"widget\" data-widget_type=\"heading.default\">\n\t\t\t\t<div class=\"elementor-widget-container\">\n\t\t\t\t\t<h2 class=\"elementor-heading-title elementor-size-default\">Pi\u00e8ces neuves<\/h2>\t\t\t\t<\/div>\n\t\t\t\t<\/div>\n\t\t\t\t<div class=\"elementor-element elementor-element-1caaeda exad-sticky-section-no exad-glass-effect-no elementor-widget elementor-widget-text-editor\" data-id=\"1caaeda\" data-element_type=\"widget\" data-e-type=\"widget\" data-widget_type=\"text-editor.default\">\n\t\t\t\t<div class=\"elementor-widget-container\">\n\t\t\t\t\t\t\t\t\t<ul><li><span class=\"WdYUQQ text-decoration-none text-strikethrough-none\" style=\"color: #545454; font-weight: bold;\">Retrouvez une large gamme de pi\u00e8ce neuve disponible en magasin ou \u00e0 la commande.<\/span><\/li><\/ul>\t\t\t\t\t\t\t\t<\/div>\n\t\t\t\t<\/div>\n\t\t\t\t\t<\/div>\n\t\t<\/div>\n\t\t\t\t<div class=\"elementor-column elementor-col-50 elementor-top-column elementor-element elementor-element-e4e52e0 exad-glass-effect-no exad-sticky-section-no\" data-id=\"e4e52e0\" data-element_type=\"column\" data-e-type=\"column\">\n\t\t\t<div class=\"elementor-widget-wrap elementor-element-populated\">\n\t\t\t\t\t\t<div class=\"elementor-element elementor-element-424a517 exad-sticky-section-no exad-glass-effect-no elementor-widget elementor-widget-image\" data-id=\"424a517\" data-element_type=\"widget\" data-e-type=\"widget\" data-widget_type=\"image.default\">\n\t\t\t\t<div class=\"elementor-widget-container\">\n\t\t\t\t\t\t\t\t\t\t\t\t\t\t\t<img fetchpriority=\"high\" decoding=\"async\" width=\"768\" height=\"512\" src=\"https:\/\/farmservices.fr\/wp-content\/uploads\/2023\/07\/20230510_090900-scaled-e1688634453300-768x512.jpg\" class=\"attachment-medium_large size-medium_large wp-image-133\" alt=\"\" srcset=\"https:\/\/farmservices.fr\/wp-content\/uploads\/2023\/07\/20230510_090900-scaled-e1688634453300-768x512.jpg 768w, https:\/\/farmservices.fr\/wp-content\/uploads\/2023\/07\/20230510_090900-scaled-e1688634453300-300x200.jpg 300w, https:\/\/farmservices.fr\/wp-content\/uploads\/2023\/07\/20230510_090900-scaled-e1688634453300-1024x683.jpg 1024w, https:\/\/farmservices.fr\/wp-content\/uploads\/2023\/07\/20230510_090900-scaled-e1688634453300-1536x1024.jpg 1536w, https:\/\/farmservices.fr\/wp-content\/uploads\/2023\/07\/20230510_090900-scaled-e1688634453300.jpg 1920w\" sizes=\"(max-width: 768px) 100vw, 768px\" \/>\t\t\t\t\t\t\t\t\t\t\t\t\t\t\t<\/div>\n\t\t\t\t<\/div>\n\t\t\t\t\t<\/div>\n\t\t<\/div>\n\t\t\t\t\t<\/div>\n\t\t<\/section>\n\t\t\t\t<section class=\"elementor-section elementor-top-section elementor-element elementor-element-0174f7b elementor-section-boxed elementor-section-height-default elementor-section-height-default exad-glass-effect-no exad-sticky-section-no\" data-id=\"0174f7b\" data-element_type=\"section\" data-e-type=\"section\">\n\t\t\t\t\t\t<div class=\"elementor-container elementor-column-gap-default\">\n\t\t\t\t\t<div class=\"elementor-column elementor-col-50 elementor-top-column elementor-element elementor-element-8a1f8bf exad-glass-effect-no exad-sticky-section-no\" data-id=\"8a1f8bf\" data-element_type=\"column\" data-e-type=\"column\">\n\t\t\t<div class=\"elementor-widget-wrap elementor-element-populated\">\n\t\t\t\t\t\t<div class=\"elementor-element elementor-element-068a9d1 exad-sticky-section-no exad-glass-effect-no elementor-widget elementor-widget-image\" data-id=\"068a9d1\" data-element_type=\"widget\" data-e-type=\"widget\" data-widget_type=\"image.default\">\n\t\t\t\t<div class=\"elementor-widget-container\">\n\t\t\t\t\t\t\t\t\t\t\t\t\t\t\t<img decoding=\"async\" width=\"768\" height=\"1024\" src=\"https:\/\/farmservices.fr\/wp-content\/uploads\/2023\/07\/20230427_074001-768x1024.jpg\" class=\"attachment-medium_large size-medium_large wp-image-72\" alt=\"\" srcset=\"https:\/\/farmservices.fr\/wp-content\/uploads\/2023\/07\/20230427_074001-768x1024.jpg 768w, https:\/\/farmservices.fr\/wp-content\/uploads\/2023\/07\/20230427_074001-225x300.jpg 225w, https:\/\/farmservices.fr\/wp-content\/uploads\/2023\/07\/20230427_074001-1152x1536.jpg 1152w, https:\/\/farmservices.fr\/wp-content\/uploads\/2023\/07\/20230427_074001-1536x2048.jpg 1536w, https:\/\/farmservices.fr\/wp-content\/uploads\/2023\/07\/20230427_074001-scaled.jpg 1920w\" sizes=\"(max-width: 768px) 100vw, 768px\" \/>\t\t\t\t\t\t\t\t\t\t\t\t\t\t\t<\/div>\n\t\t\t\t<\/div>\n\t\t\t\t\t<\/div>\n\t\t<\/div>\n\t\t\t\t<div class=\"elementor-column elementor-col-50 elementor-top-column elementor-element elementor-element-5ecbdda exad-glass-effect-no exad-sticky-section-no\" data-id=\"5ecbdda\" data-element_type=\"column\" data-e-type=\"column\">\n\t\t\t<div class=\"elementor-widget-wrap elementor-element-populated\">\n\t\t\t\t\t\t<div class=\"elementor-element elementor-element-2e2f1ce exad-sticky-section-no exad-glass-effect-no elementor-widget elementor-widget-heading\" data-id=\"2e2f1ce\" data-element_type=\"widget\" data-e-type=\"widget\" data-widget_type=\"heading.default\">\n\t\t\t\t<div class=\"elementor-widget-container\">\n\t\t\t\t\t<h2 class=\"elementor-heading-title elementor-size-default\">Pi\u00e8ces d'occasion<\/h2>\t\t\t\t<\/div>\n\t\t\t\t<\/div>\n\t\t\t\t<div class=\"elementor-element elementor-element-a2342ba exad-sticky-section-no exad-glass-effect-no elementor-widget elementor-widget-text-editor\" data-id=\"a2342ba\" data-element_type=\"widget\" data-e-type=\"widget\" data-widget_type=\"text-editor.default\">\n\t\t\t\t<div class=\"elementor-widget-container\">\n\t\t\t\t\t\t\t\t\t<ul><li><span class=\"WdYUQQ text-decoration-none text-strikethrough-none\" style=\"color: #545454; font-weight: bold;\">De m\u00eame que pour les pi\u00e8ces neuves, nous disposons d&rsquo;une large gamme de pi\u00e8ce d&rsquo;occasion, \u00e0 des prix tr\u00e8s attractifs.<\/span><\/li><li><span class=\"WdYUQQ text-decoration-none text-strikethrough-none\" style=\"color: #545454; font-weight: bold;\">Toutes nos pi\u00e8ces d&rsquo;occasion sont r\u00e9vis\u00e9es et garanties.<\/span><\/li><li><span class=\"WdYUQQ text-decoration-none text-strikethrough-none\" style=\"color: #545454; font-weight: bold;\">\u00c0 venir r\u00e9cup\u00e9rer en boutique ou disponible sur demande en livraison.<\/span><\/li><\/ul>\t\t\t\t\t\t\t\t<\/div>\n\t\t\t\t<\/div>\n\t\t\t\t\t<\/div>\n\t\t<\/div>\n\t\t\t\t\t<\/div>\n\t\t<\/section>\n\t\t\t\t<\/div>\n\t\t","protected":false},"excerpt":{"rendered":"<p>Pi\u00e8ces neuves Retrouvez une large gamme de pi\u00e8ce neuve disponible en magasin ou \u00e0 la commande. Pi\u00e8ces d&rsquo;occasion De m\u00eame&hellip;<\/p>\n<p> <a class=\"more-link\" href=\"https:\/\/farmservices.fr\/index.php\/piece-neuve-et-occasion\/\">Lire la suite<\/a><\/p>\n","protected":false},"author":1,"featured_media":0,"parent":0,"menu_order":0,"comment_status":"closed","ping_status":"closed","template":"","meta":{"footnotes":""},"class_list":["post-130","page","type-page","status-publish"],"yoast_head":"<!-- This site is optimized with the Yoast SEO plugin v26.8 - https:\/\/yoast.com\/product\/yoast-seo-wordpress\/ -->\n<title>Pi\u00e8ce neuve et occasion - Farm Services<\/title>\n<meta name=\"robots\" content=\"index, follow, max-snippet:-1, max-image-preview:large, max-video-preview:-1\" \/>\n<link rel=\"canonical\" href=\"https:\/\/farmservices.fr\/index.php\/piece-neuve-et-occasion\/\" \/>\n<meta property=\"og:locale\" content=\"fr_FR\" \/>\n<meta property=\"og:type\" content=\"article\" \/>\n<meta property=\"og:title\" content=\"Pi\u00e8ce neuve et occasion - Farm Services\" \/>\n<meta property=\"og:description\" content=\"Pi\u00e8ces neuves Retrouvez une large gamme de pi\u00e8ce neuve disponible en magasin ou \u00e0 la commande. Pi\u00e8ces d&rsquo;occasion De m\u00eame&hellip;  Lire la suite\" \/>\n<meta property=\"og:url\" content=\"https:\/\/farmservices.fr\/index.php\/piece-neuve-et-occasion\/\" \/>\n<meta property=\"og:site_name\" content=\"Farm Services\" \/>\n<meta property=\"article:publisher\" content=\"https:\/\/www.facebook.com\/p\/Farm-Services-100081204763867\/\" \/>\n<meta property=\"article:modified_time\" content=\"2023-07-28T12:50:48+00:00\" \/>\n<meta property=\"og:image\" content=\"https:\/\/farmservices.fr\/wp-content\/uploads\/2023\/07\/20230510_090900-scaled-e1688634453300-768x512.jpg\" \/>\n<meta name=\"twitter:card\" content=\"summary_large_image\" \/>\n<meta name=\"twitter:label1\" content=\"Dur\u00e9e de lecture estim\u00e9e\" \/>\n\t<meta name=\"twitter:data1\" content=\"1 minute\" \/>\n<script type=\"application\/ld+json\" class=\"yoast-schema-graph\">{\"@context\":\"https:\/\/schema.org\",\"@graph\":[{\"@type\":\"WebPage\",\"@id\":\"https:\/\/farmservices.fr\/index.php\/piece-neuve-et-occasion\/\",\"url\":\"https:\/\/farmservices.fr\/index.php\/piece-neuve-et-occasion\/\",\"name\":\"Pi\u00e8ce neuve et occasion - Farm Services\",\"isPartOf\":{\"@id\":\"https:\/\/farmservices.fr\/#website\"},\"primaryImageOfPage\":{\"@id\":\"https:\/\/farmservices.fr\/index.php\/piece-neuve-et-occasion\/#primaryimage\"},\"image\":{\"@id\":\"https:\/\/farmservices.fr\/index.php\/piece-neuve-et-occasion\/#primaryimage\"},\"thumbnailUrl\":\"https:\/\/farmservices.fr\/wp-content\/uploads\/2023\/07\/20230510_090900-scaled-e1688634453300-768x512.jpg\",\"datePublished\":\"2023-07-06T08:36:23+00:00\",\"dateModified\":\"2023-07-28T12:50:48+00:00\",\"breadcrumb\":{\"@id\":\"https:\/\/farmservices.fr\/index.php\/piece-neuve-et-occasion\/#breadcrumb\"},\"inLanguage\":\"fr-FR\",\"potentialAction\":[{\"@type\":\"ReadAction\",\"target\":[\"https:\/\/farmservices.fr\/index.php\/piece-neuve-et-occasion\/\"]}]},{\"@type\":\"ImageObject\",\"inLanguage\":\"fr-FR\",\"@id\":\"https:\/\/farmservices.fr\/index.php\/piece-neuve-et-occasion\/#primaryimage\",\"url\":\"https:\/\/farmservices.fr\/wp-content\/uploads\/2023\/07\/20230510_090900-scaled-e1688634453300.jpg\",\"contentUrl\":\"https:\/\/farmservices.fr\/wp-content\/uploads\/2023\/07\/20230510_090900-scaled-e1688634453300.jpg\",\"width\":1920,\"height\":1280},{\"@type\":\"BreadcrumbList\",\"@id\":\"https:\/\/farmservices.fr\/index.php\/piece-neuve-et-occasion\/#breadcrumb\",\"itemListElement\":[{\"@type\":\"ListItem\",\"position\":1,\"name\":\"acceuil\",\"item\":\"https:\/\/farmservices.fr\/\"},{\"@type\":\"ListItem\",\"position\":2,\"name\":\"Pi\u00e8ce neuve et occasion\"}]},{\"@type\":\"WebSite\",\"@id\":\"https:\/\/farmservices.fr\/#website\",\"url\":\"https:\/\/farmservices.fr\/\",\"name\":\"Farm Services\",\"description\":\"Farm-Services, le service \u00e0 la ferme\",\"potentialAction\":[{\"@type\":\"SearchAction\",\"target\":{\"@type\":\"EntryPoint\",\"urlTemplate\":\"https:\/\/farmservices.fr\/?s={search_term_string}\"},\"query-input\":{\"@type\":\"PropertyValueSpecification\",\"valueRequired\":true,\"valueName\":\"search_term_string\"}}],\"inLanguage\":\"fr-FR\"}]}<\/script>\n<!-- \/ Yoast SEO plugin. -->","yoast_head_json":{"title":"Pi\u00e8ce neuve et occasion - Farm Services","robots":{"index":"index","follow":"follow","max-snippet":"max-snippet:-1","max-image-preview":"max-image-preview:large","max-video-preview":"max-video-preview:-1"},"canonical":"https:\/\/farmservices.fr\/index.php\/piece-neuve-et-occasion\/","og_locale":"fr_FR","og_type":"article","og_title":"Pi\u00e8ce neuve et occasion - Farm Services","og_description":"Pi\u00e8ces neuves Retrouvez une large gamme de pi\u00e8ce neuve disponible en magasin ou \u00e0 la commande. Pi\u00e8ces d&rsquo;occasion De m\u00eame&hellip;  Lire la suite","og_url":"https:\/\/farmservices.fr\/index.php\/piece-neuve-et-occasion\/","og_site_name":"Farm Services","article_publisher":"https:\/\/www.facebook.com\/p\/Farm-Services-100081204763867\/","article_modified_time":"2023-07-28T12:50:48+00:00","og_image":[{"url":"https:\/\/farmservices.fr\/wp-content\/uploads\/2023\/07\/20230510_090900-scaled-e1688634453300-768x512.jpg","type":"","width":"","height":""}],"twitter_card":"summary_large_image","twitter_misc":{"Dur\u00e9e de lecture estim\u00e9e":"1 minute"},"schema":{"@context":"https:\/\/schema.org","@graph":[{"@type":"WebPage","@id":"https:\/\/farmservices.fr\/index.php\/piece-neuve-et-occasion\/","url":"https:\/\/farmservices.fr\/index.php\/piece-neuve-et-occasion\/","name":"Pi\u00e8ce neuve et occasion - Farm Services","isPartOf":{"@id":"https:\/\/farmservices.fr\/#website"},"primaryImageOfPage":{"@id":"https:\/\/farmservices.fr\/index.php\/piece-neuve-et-occasion\/#primaryimage"},"image":{"@id":"https:\/\/farmservices.fr\/index.php\/piece-neuve-et-occasion\/#primaryimage"},"thumbnailUrl":"https:\/\/farmservices.fr\/wp-content\/uploads\/2023\/07\/20230510_090900-scaled-e1688634453300-768x512.jpg","datePublished":"2023-07-06T08:36:23+00:00","dateModified":"2023-07-28T12:50:48+00:00","breadcrumb":{"@id":"https:\/\/farmservices.fr\/index.php\/piece-neuve-et-occasion\/#breadcrumb"},"inLanguage":"fr-FR","potentialAction":[{"@type":"ReadAction","target":["https:\/\/farmservices.fr\/index.php\/piece-neuve-et-occasion\/"]}]},{"@type":"ImageObject","inLanguage":"fr-FR","@id":"https:\/\/farmservices.fr\/index.php\/piece-neuve-et-occasion\/#primaryimage","url":"https:\/\/farmservices.fr\/wp-content\/uploads\/2023\/07\/20230510_090900-scaled-e1688634453300.jpg","contentUrl":"https:\/\/farmservices.fr\/wp-content\/uploads\/2023\/07\/20230510_090900-scaled-e1688634453300.jpg","width":1920,"height":1280},{"@type":"BreadcrumbList","@id":"https:\/\/farmservices.fr\/index.php\/piece-neuve-et-occasion\/#breadcrumb","itemListElement":[{"@type":"ListItem","position":1,"name":"acceuil","item":"https:\/\/farmservices.fr\/"},{"@type":"ListItem","position":2,"name":"Pi\u00e8ce neuve et occasion"}]},{"@type":"WebSite","@id":"https:\/\/farmservices.fr\/#website","url":"https:\/\/farmservices.fr\/","name":"Farm Services","description":"Farm-Services, le service \u00e0 la ferme","potentialAction":[{"@type":"SearchAction","target":{"@type":"EntryPoint","urlTemplate":"https:\/\/farmservices.fr\/?s={search_term_string}"},"query-input":{"@type":"PropertyValueSpecification","valueRequired":true,"valueName":"search_term_string"}}],"inLanguage":"fr-FR"}]}},"_links":{"self":[{"href":"https:\/\/farmservices.fr\/index.php\/wp-json\/wp\/v2\/pages\/130","targetHints":{"allow":["GET"]}}],"collection":[{"href":"https:\/\/farmservices.fr\/index.php\/wp-json\/wp\/v2\/pages"}],"about":[{"href":"https:\/\/farmservices.fr\/index.php\/wp-json\/wp\/v2\/types\/page"}],"author":[{"embeddable":true,"href":"https:\/\/farmservices.fr\/index.php\/wp-json\/wp\/v2\/users\/1"}],"replies":[{"embeddable":true,"href":"https:\/\/farmservices.fr\/index.php\/wp-json\/wp\/v2\/comments?post=130"}],"version-history":[{"count":16,"href":"https:\/\/farmservices.fr\/index.php\/wp-json\/wp\/v2\/pages\/130\/revisions"}],"predecessor-version":[{"id":1828,"href":"https:\/\/farmservices.fr\/index.php\/wp-json\/wp\/v2\/pages\/130\/revisions\/1828"}],"wp:attachment":[{"href":"https:\/\/farmservices.fr\/index.php\/wp-json\/wp\/v2\/media?parent=130"}],"curies":[{"name":"wp","href":"https:\/\/api.w.org\/{rel}","templated":true}]}}