{"id":165,"date":"2023-07-06T08:57:49","date_gmt":"2023-07-06T08:57:49","guid":{"rendered":"https:\/\/farmservices.fr\/?page_id=165"},"modified":"2023-07-31T08:28:01","modified_gmt":"2023-07-31T06:28:01","slug":"services","status":"publish","type":"page","link":"https:\/\/farmservices.fr\/index.php\/services\/","title":{"rendered":"Services"},"content":{"rendered":"\t\t<div data-elementor-type=\"wp-page\" data-elementor-id=\"165\" class=\"elementor elementor-165\">\n\t\t\t\t\t\t<section class=\"elementor-section elementor-top-section elementor-element elementor-element-5187e4d elementor-section-boxed elementor-section-height-default elementor-section-height-default exad-glass-effect-no exad-sticky-section-no\" data-id=\"5187e4d\" data-element_type=\"section\" data-e-type=\"section\">\n\t\t\t\t\t\t<div class=\"elementor-container elementor-column-gap-default\">\n\t\t\t\t\t<div class=\"elementor-column elementor-col-50 elementor-top-column elementor-element elementor-element-6cc4da9 exad-glass-effect-no exad-sticky-section-no\" data-id=\"6cc4da9\" data-element_type=\"column\" data-e-type=\"column\">\n\t\t\t<div class=\"elementor-widget-wrap elementor-element-populated\">\n\t\t\t\t\t\t<div class=\"exad-link-anything-wrapper elementor-element elementor-element-9160655 exad-sticky-section-no exad-glass-effect-no elementor-widget elementor-widget-exad-image-hover-effect\" data-exad-element-link=\"{&quot;url&quot;:&quot;https:\\\/\\\/farmservices.fr\\\/index.php\\\/controle-machine-a-traire\\\/&quot;,&quot;is_external&quot;:&quot;&quot;,&quot;nofollow&quot;:&quot;&quot;,&quot;custom_attributes&quot;:&quot;&quot;}\" style=\"cursor: pointer\" data-id=\"9160655\" data-element_type=\"widget\" data-e-type=\"widget\" data-widget_type=\"exad-image-hover-effect.default\">\n\t\t\t\t<div class=\"elementor-widget-container\">\n\t\t\t\t\t        <div class=\"exad-ihe-wrapper\">\r\n                        <div class=\"exad-ihe-grid\">\r\n                <figure class=\"exad-ihe-figure effect-sarah\">\r\n\t\t\t\t\t<img fetchpriority=\"high\" decoding=\"async\" width=\"768\" height=\"512\" src=\"https:\/\/farmservices.fr\/wp-content\/uploads\/2023\/07\/DSC_8948-768x512.jpg\" class=\"attachment-medium_large size-medium_large wp-image-169\" alt=\"\" srcset=\"https:\/\/farmservices.fr\/wp-content\/uploads\/2023\/07\/DSC_8948-768x512.jpg 768w, https:\/\/farmservices.fr\/wp-content\/uploads\/2023\/07\/DSC_8948-300x200.jpg 300w, https:\/\/farmservices.fr\/wp-content\/uploads\/2023\/07\/DSC_8948-1024x683.jpg 1024w, https:\/\/farmservices.fr\/wp-content\/uploads\/2023\/07\/DSC_8948-1536x1024.jpg 1536w, https:\/\/farmservices.fr\/wp-content\/uploads\/2023\/07\/DSC_8948-2048x1365.jpg 2048w\" sizes=\"(max-width: 768px) 100vw, 768px\" \/>                    <figcaption class=\"exad-ihe-figcaption\">\r\n                        <h2 class=\"exad-ihe-title\">\r\n                            Contr\u00f4le machine \u00e0 traire                        <\/h2>\r\n                        <p class=\"exad-ihe-description\">Entretien et contr\u00f4le<\/p>\r\n                    <\/figcaption>\r\n                <\/figure>\r\n            <\/div>\r\n                                <\/div>\r\n        \t\t\t\t<\/div>\n\t\t\t\t<\/div>\n\t\t\t\t\t<\/div>\n\t\t<\/div>\n\t\t\t\t<div class=\"elementor-column elementor-col-50 elementor-top-column elementor-element elementor-element-5f13754 exad-glass-effect-no exad-sticky-section-no\" data-id=\"5f13754\" data-element_type=\"column\" data-e-type=\"column\">\n\t\t\t<div class=\"elementor-widget-wrap elementor-element-populated\">\n\t\t\t\t\t\t<div class=\"exad-link-anything-wrapper elementor-element elementor-element-84e5e49 exad-sticky-section-no exad-glass-effect-no elementor-widget elementor-widget-exad-image-hover-effect\" data-exad-element-link=\"{&quot;url&quot;:&quot;https:\\\/\\\/farmservices.fr\\\/index.php\\\/depannage\\\/&quot;,&quot;is_external&quot;:&quot;&quot;,&quot;nofollow&quot;:&quot;&quot;,&quot;custom_attributes&quot;:&quot;&quot;}\" style=\"cursor: pointer\" data-id=\"84e5e49\" data-element_type=\"widget\" data-e-type=\"widget\" data-widget_type=\"exad-image-hover-effect.default\">\n\t\t\t\t<div class=\"elementor-widget-container\">\n\t\t\t\t\t        <div class=\"exad-ihe-wrapper\">\r\n                        <div class=\"exad-ihe-grid\">\r\n                <figure class=\"exad-ihe-figure effect-sarah\">\r\n\t\t\t\t\t<img decoding=\"async\" width=\"768\" height=\"512\" src=\"https:\/\/farmservices.fr\/wp-content\/uploads\/2023\/07\/20230510_095608-scaled-e1688633981503-768x512.jpg\" class=\"attachment-medium_large size-medium_large wp-image-75\" alt=\"\" srcset=\"https:\/\/farmservices.fr\/wp-content\/uploads\/2023\/07\/20230510_095608-scaled-e1688633981503-768x512.jpg 768w, https:\/\/farmservices.fr\/wp-content\/uploads\/2023\/07\/20230510_095608-scaled-e1688633981503-300x200.jpg 300w, https:\/\/farmservices.fr\/wp-content\/uploads\/2023\/07\/20230510_095608-scaled-e1688633981503-1024x683.jpg 1024w, https:\/\/farmservices.fr\/wp-content\/uploads\/2023\/07\/20230510_095608-scaled-e1688633981503-1536x1024.jpg 1536w, https:\/\/farmservices.fr\/wp-content\/uploads\/2023\/07\/20230510_095608-scaled-e1688633981503.jpg 1920w\" sizes=\"(max-width: 768px) 100vw, 768px\" \/>                    <figcaption class=\"exad-ihe-figcaption\">\r\n                        <h2 class=\"exad-ihe-title\">\r\n                            D\u00e9pannage                        <\/h2>\r\n                        <p class=\"exad-ihe-description\">7J \/7 &amp; 24h\/24<\/p>\r\n                    <\/figcaption>\r\n                <\/figure>\r\n            <\/div>\r\n                                <\/div>\r\n        \t\t\t\t<\/div>\n\t\t\t\t<\/div>\n\t\t\t\t\t<\/div>\n\t\t<\/div>\n\t\t\t\t\t<\/div>\n\t\t<\/section>\n\t\t\t\t<section class=\"elementor-section elementor-top-section elementor-element elementor-element-9b2a8d7 elementor-section-boxed elementor-section-height-default elementor-section-height-default exad-glass-effect-no exad-sticky-section-no\" data-id=\"9b2a8d7\" data-element_type=\"section\" data-e-type=\"section\">\n\t\t\t\t\t\t<div class=\"elementor-container elementor-column-gap-default\">\n\t\t\t\t\t<div class=\"elementor-column elementor-col-50 elementor-top-column elementor-element elementor-element-4b6814e exad-glass-effect-no exad-sticky-section-no\" data-id=\"4b6814e\" data-element_type=\"column\" data-e-type=\"column\">\n\t\t\t<div class=\"elementor-widget-wrap elementor-element-populated\">\n\t\t\t\t\t\t<div class=\"exad-link-anything-wrapper elementor-element elementor-element-337b31c exad-sticky-section-no exad-glass-effect-no elementor-widget elementor-widget-exad-image-hover-effect\" data-exad-element-link=\"{&quot;url&quot;:&quot;https:\\\/\\\/farmservices.fr\\\/index.php\\\/atelier-fabrication\\\/&quot;,&quot;is_external&quot;:&quot;&quot;,&quot;nofollow&quot;:&quot;&quot;,&quot;custom_attributes&quot;:&quot;&quot;}\" style=\"cursor: pointer\" data-id=\"337b31c\" data-element_type=\"widget\" data-e-type=\"widget\" data-widget_type=\"exad-image-hover-effect.default\">\n\t\t\t\t<div class=\"elementor-widget-container\">\n\t\t\t\t\t        <div class=\"exad-ihe-wrapper\">\r\n                        <div class=\"exad-ihe-grid\">\r\n                <figure class=\"exad-ihe-figure effect-sarah\">\r\n\t\t\t\t\t<img decoding=\"async\" width=\"768\" height=\"512\" src=\"https:\/\/farmservices.fr\/wp-content\/uploads\/2023\/07\/DSC_8885-scaled.jpg\" class=\"attachment-medium_large size-medium_large wp-image-59\" alt=\"\" srcset=\"https:\/\/farmservices.fr\/wp-content\/uploads\/2023\/07\/DSC_8885-scaled.jpg 2560w, https:\/\/farmservices.fr\/wp-content\/uploads\/2023\/07\/DSC_8885-300x200.jpg 300w\" sizes=\"(max-width: 768px) 100vw, 768px\" \/>                    <figcaption class=\"exad-ihe-figcaption\">\r\n                        <h2 class=\"exad-ihe-title\">\r\n                            Atelier de fabrication                        <\/h2>\r\n                        <p class=\"exad-ihe-description\">Pi\u00e8ce et projet sur mesure<\/p>\r\n                    <\/figcaption>\r\n                <\/figure>\r\n            <\/div>\r\n                                <\/div>\r\n        \t\t\t\t<\/div>\n\t\t\t\t<\/div>\n\t\t\t\t\t<\/div>\n\t\t<\/div>\n\t\t\t\t<div class=\"elementor-column elementor-col-50 elementor-top-column elementor-element elementor-element-b835318 exad-glass-effect-no exad-sticky-section-no\" data-id=\"b835318\" data-element_type=\"column\" data-e-type=\"column\">\n\t\t\t<div class=\"elementor-widget-wrap elementor-element-populated\">\n\t\t\t\t\t\t<div class=\"exad-link-anything-wrapper elementor-element elementor-element-67fe6a7 exad-sticky-section-no exad-glass-effect-no elementor-widget elementor-widget-exad-image-hover-effect\" data-exad-element-link=\"{&quot;url&quot;:&quot;https:\\\/\\\/farmservices.fr\\\/index.php\\\/camion-magasin\\\/&quot;,&quot;is_external&quot;:&quot;&quot;,&quot;nofollow&quot;:&quot;&quot;,&quot;custom_attributes&quot;:&quot;&quot;}\" style=\"cursor: pointer\" data-id=\"67fe6a7\" data-element_type=\"widget\" data-e-type=\"widget\" data-widget_type=\"exad-image-hover-effect.default\">\n\t\t\t\t<div class=\"elementor-widget-container\">\n\t\t\t\t\t        <div class=\"exad-ihe-wrapper\">\r\n                        <div class=\"exad-ihe-grid\">\r\n                <figure class=\"exad-ihe-figure effect-sarah\">\r\n\t\t\t\t\t<img loading=\"lazy\" decoding=\"async\" width=\"768\" height=\"512\" src=\"https:\/\/farmservices.fr\/wp-content\/uploads\/2023\/07\/20230615_140000-scaled-e1688634424878-768x512.jpg\" class=\"attachment-medium_large size-medium_large wp-image-88\" alt=\"\" srcset=\"https:\/\/farmservices.fr\/wp-content\/uploads\/2023\/07\/20230615_140000-scaled-e1688634424878-768x512.jpg 768w, https:\/\/farmservices.fr\/wp-content\/uploads\/2023\/07\/20230615_140000-scaled-e1688634424878-300x200.jpg 300w, https:\/\/farmservices.fr\/wp-content\/uploads\/2023\/07\/20230615_140000-scaled-e1688634424878-1024x683.jpg 1024w, https:\/\/farmservices.fr\/wp-content\/uploads\/2023\/07\/20230615_140000-scaled-e1688634424878-1536x1024.jpg 1536w, https:\/\/farmservices.fr\/wp-content\/uploads\/2023\/07\/20230615_140000-scaled-e1688634424878.jpg 1920w\" sizes=\"(max-width: 768px) 100vw, 768px\" \/>                    <figcaption class=\"exad-ihe-figcaption\">\r\n                        <h2 class=\"exad-ihe-title\">\r\n                            Camion magasin                        <\/h2>\r\n                        <p class=\"exad-ihe-description\">un magasin chez vous<\/p>\r\n                    <\/figcaption>\r\n                <\/figure>\r\n            <\/div>\r\n                                <\/div>\r\n        \t\t\t\t<\/div>\n\t\t\t\t<\/div>\n\t\t\t\t\t<\/div>\n\t\t<\/div>\n\t\t\t\t\t<\/div>\n\t\t<\/section>\n\t\t\t\t<section class=\"elementor-section elementor-top-section elementor-element elementor-element-bf0ccf5 elementor-section-boxed elementor-section-height-default elementor-section-height-default exad-glass-effect-no exad-sticky-section-no\" data-id=\"bf0ccf5\" data-element_type=\"section\" data-e-type=\"section\">\n\t\t\t\t\t\t<div class=\"elementor-container elementor-column-gap-default\">\n\t\t\t\t\t<div class=\"elementor-column elementor-col-100 elementor-top-column elementor-element elementor-element-362673a exad-glass-effect-no exad-sticky-section-no\" data-id=\"362673a\" data-element_type=\"column\" data-e-type=\"column\">\n\t\t\t<div class=\"elementor-widget-wrap elementor-element-populated\">\n\t\t\t\t\t\t<div class=\"exad-link-anything-wrapper elementor-element elementor-element-75845ff elementor-hidden-desktop exad-sticky-section-no exad-glass-effect-no elementor-widget elementor-widget-exad-image-hover-effect\" data-exad-element-link=\"{&quot;url&quot;:&quot;https:\\\/\\\/farmservices.fr\\\/index.php\\\/piece-neuve-et-occasion\\\/&quot;,&quot;is_external&quot;:&quot;&quot;,&quot;nofollow&quot;:&quot;&quot;,&quot;custom_attributes&quot;:&quot;&quot;}\" style=\"cursor: pointer\" data-id=\"75845ff\" data-element_type=\"widget\" data-e-type=\"widget\" data-widget_type=\"exad-image-hover-effect.default\">\n\t\t\t\t<div class=\"elementor-widget-container\">\n\t\t\t\t\t        <div class=\"exad-ihe-wrapper\">\r\n                        <div class=\"exad-ihe-grid\">\r\n                <figure class=\"exad-ihe-figure effect-sarah\">\r\n\t\t\t\t\t<img loading=\"lazy\" decoding=\"async\" width=\"1920\" height=\"1280\" src=\"https:\/\/farmservices.fr\/wp-content\/uploads\/2023\/07\/20230510_090900-scaled-e1688634453300.jpg\" class=\"attachment-full size-full wp-image-133\" alt=\"\" srcset=\"https:\/\/farmservices.fr\/wp-content\/uploads\/2023\/07\/20230510_090900-scaled-e1688634453300.jpg 1920w, https:\/\/farmservices.fr\/wp-content\/uploads\/2023\/07\/20230510_090900-scaled-e1688634453300-300x200.jpg 300w, https:\/\/farmservices.fr\/wp-content\/uploads\/2023\/07\/20230510_090900-scaled-e1688634453300-1024x683.jpg 1024w, https:\/\/farmservices.fr\/wp-content\/uploads\/2023\/07\/20230510_090900-scaled-e1688634453300-768x512.jpg 768w, https:\/\/farmservices.fr\/wp-content\/uploads\/2023\/07\/20230510_090900-scaled-e1688634453300-1536x1024.jpg 1536w\" sizes=\"(max-width: 1920px) 100vw, 1920px\" \/>                    <figcaption class=\"exad-ihe-figcaption\">\r\n                        <h2 class=\"exad-ihe-title\">\r\n                            Pi\u00e8ces neuves et occasions                        <\/h2>\r\n                        <p class=\"exad-ihe-description\">Un stock de pi\u00e8ces au meilleur prix<\/p>\r\n                    <\/figcaption>\r\n                <\/figure>\r\n            <\/div>\r\n                                <\/div>\r\n        \t\t\t\t<\/div>\n\t\t\t\t<\/div>\n\t\t\t\t\t<\/div>\n\t\t<\/div>\n\t\t\t\t\t<\/div>\n\t\t<\/section>\n\t\t\t\t<section class=\"elementor-section elementor-top-section elementor-element elementor-element-04f0983 elementor-section-boxed elementor-section-height-default elementor-section-height-default exad-glass-effect-no exad-sticky-section-no\" data-id=\"04f0983\" data-element_type=\"section\" data-e-type=\"section\">\n\t\t\t\t\t\t<div class=\"elementor-container elementor-column-gap-default\">\n\t\t\t\t\t<div class=\"elementor-column elementor-col-100 elementor-top-column elementor-element elementor-element-707e187 exad-glass-effect-no exad-sticky-section-no\" data-id=\"707e187\" data-element_type=\"column\" data-e-type=\"column\">\n\t\t\t<div class=\"elementor-widget-wrap elementor-element-populated\">\n\t\t\t\t\t\t<div class=\"exad-link-anything-wrapper elementor-element elementor-element-52b2c9a elementor-hidden-tablet elementor-hidden-mobile exad-sticky-section-no exad-glass-effect-no elementor-widget elementor-widget-exad-image-hover-effect\" data-exad-element-link=\"{&quot;url&quot;:&quot;https:\\\/\\\/farmservices.fr\\\/index.php\\\/piece-neuve-et-occasion\\\/&quot;,&quot;is_external&quot;:&quot;&quot;,&quot;nofollow&quot;:&quot;&quot;,&quot;custom_attributes&quot;:&quot;&quot;}\" style=\"cursor: pointer\" data-id=\"52b2c9a\" data-element_type=\"widget\" data-e-type=\"widget\" data-widget_type=\"exad-image-hover-effect.default\">\n\t\t\t\t<div class=\"elementor-widget-container\">\n\t\t\t\t\t        <div class=\"exad-ihe-wrapper\">\r\n                        <div class=\"exad-ihe-grid\">\r\n                <figure class=\"exad-ihe-figure effect-sarah\">\r\n\t\t\t\t\t<img loading=\"lazy\" decoding=\"async\" width=\"768\" height=\"512\" src=\"https:\/\/farmservices.fr\/wp-content\/uploads\/2023\/07\/20230510_090900-scaled-e1688634453300-768x512.jpg\" class=\"attachment-medium_large size-medium_large wp-image-133\" alt=\"\" srcset=\"https:\/\/farmservices.fr\/wp-content\/uploads\/2023\/07\/20230510_090900-scaled-e1688634453300-768x512.jpg 768w, https:\/\/farmservices.fr\/wp-content\/uploads\/2023\/07\/20230510_090900-scaled-e1688634453300-300x200.jpg 300w, https:\/\/farmservices.fr\/wp-content\/uploads\/2023\/07\/20230510_090900-scaled-e1688634453300-1024x683.jpg 1024w, https:\/\/farmservices.fr\/wp-content\/uploads\/2023\/07\/20230510_090900-scaled-e1688634453300-1536x1024.jpg 1536w, https:\/\/farmservices.fr\/wp-content\/uploads\/2023\/07\/20230510_090900-scaled-e1688634453300.jpg 1920w\" sizes=\"(max-width: 768px) 100vw, 768px\" \/>                    <figcaption class=\"exad-ihe-figcaption\">\r\n                        <h2 class=\"exad-ihe-title\">\r\n                            Pi\u00e8ces neuves et occasions                        <\/h2>\r\n                        <p class=\"exad-ihe-description\">Un stock de pi\u00e8ces au meilleur prix<\/p>\r\n                    <\/figcaption>\r\n                <\/figure>\r\n            <\/div>\r\n                                <\/div>\r\n        \t\t\t\t<\/div>\n\t\t\t\t<\/div>\n\t\t\t\t\t<\/div>\n\t\t<\/div>\n\t\t\t\t\t<\/div>\n\t\t<\/section>\n\t\t\t\t<\/div>\n\t\t","protected":false},"excerpt":{"rendered":"<p>Contr\u00f4le machine \u00e0 traire Entretien et contr\u00f4le D\u00e9pannage 7J \/7 &amp; 24h\/24 Atelier de fabrication Pi\u00e8ce et projet sur mesure&hellip;<\/p>\n<p> <a class=\"more-link\" href=\"https:\/\/farmservices.fr\/index.php\/services\/\">Lire la suite<\/a><\/p>\n","protected":false},"author":1,"featured_media":0,"parent":0,"menu_order":0,"comment_status":"closed","ping_status":"closed","template":"","meta":{"footnotes":""},"class_list":["post-165","page","type-page","status-publish"],"yoast_head":"<!-- This site is optimized with the Yoast SEO plugin v26.8 - https:\/\/yoast.com\/product\/yoast-seo-wordpress\/ -->\n<title>Services - Farm Services<\/title>\n<meta name=\"description\" content=\"Retrouvez sur notre site tout ce que nous vous apportons. D\u00e9pannage, agro-fourniture et tout l&#039;\u00e9quipement pour le confort de vos animaux.\" \/>\n<meta name=\"robots\" content=\"index, follow, max-snippet:-1, max-image-preview:large, max-video-preview:-1\" \/>\n<link rel=\"canonical\" href=\"https:\/\/farmservices.fr\/index.php\/services\/\" \/>\n<meta property=\"og:locale\" content=\"fr_FR\" \/>\n<meta property=\"og:type\" content=\"article\" \/>\n<meta property=\"og:title\" content=\"Services - Farm Services\" \/>\n<meta property=\"og:description\" content=\"Retrouvez sur notre site tout ce que nous vous apportons. D\u00e9pannage, agro-fourniture et tout l&#039;\u00e9quipement pour le confort de vos animaux.\" \/>\n<meta property=\"og:url\" content=\"https:\/\/farmservices.fr\/index.php\/services\/\" \/>\n<meta property=\"og:site_name\" content=\"Farm Services\" \/>\n<meta property=\"article:publisher\" content=\"https:\/\/www.facebook.com\/p\/Farm-Services-100081204763867\/\" \/>\n<meta property=\"article:modified_time\" content=\"2023-07-31T06:28:01+00:00\" \/>\n<meta property=\"og:image\" content=\"https:\/\/farmservices.fr\/wp-content\/uploads\/2023\/07\/DSC_8948-768x512.jpg\" \/>\n<meta name=\"twitter:card\" content=\"summary_large_image\" \/>\n<meta name=\"twitter:label1\" content=\"Dur\u00e9e de lecture estim\u00e9e\" \/>\n\t<meta name=\"twitter:data1\" content=\"2 minutes\" \/>\n<script type=\"application\/ld+json\" class=\"yoast-schema-graph\">{\"@context\":\"https:\/\/schema.org\",\"@graph\":[{\"@type\":\"WebPage\",\"@id\":\"https:\/\/farmservices.fr\/index.php\/services\/\",\"url\":\"https:\/\/farmservices.fr\/index.php\/services\/\",\"name\":\"Services - Farm Services\",\"isPartOf\":{\"@id\":\"https:\/\/farmservices.fr\/#website\"},\"primaryImageOfPage\":{\"@id\":\"https:\/\/farmservices.fr\/index.php\/services\/#primaryimage\"},\"image\":{\"@id\":\"https:\/\/farmservices.fr\/index.php\/services\/#primaryimage\"},\"thumbnailUrl\":\"https:\/\/farmservices.fr\/wp-content\/uploads\/2023\/07\/DSC_8948-768x512.jpg\",\"datePublished\":\"2023-07-06T08:57:49+00:00\",\"dateModified\":\"2023-07-31T06:28:01+00:00\",\"description\":\"Retrouvez sur notre site tout ce que nous vous apportons. D\u00e9pannage, agro-fourniture et tout l'\u00e9quipement pour le confort de vos animaux.\",\"breadcrumb\":{\"@id\":\"https:\/\/farmservices.fr\/index.php\/services\/#breadcrumb\"},\"inLanguage\":\"fr-FR\",\"potentialAction\":[{\"@type\":\"ReadAction\",\"target\":[\"https:\/\/farmservices.fr\/index.php\/services\/\"]}]},{\"@type\":\"ImageObject\",\"inLanguage\":\"fr-FR\",\"@id\":\"https:\/\/farmservices.fr\/index.php\/services\/#primaryimage\",\"url\":\"https:\/\/farmservices.fr\/wp-content\/uploads\/2023\/07\/DSC_8948-scaled.jpg\",\"contentUrl\":\"https:\/\/farmservices.fr\/wp-content\/uploads\/2023\/07\/DSC_8948-scaled.jpg\",\"width\":2560,\"height\":1707},{\"@type\":\"BreadcrumbList\",\"@id\":\"https:\/\/farmservices.fr\/index.php\/services\/#breadcrumb\",\"itemListElement\":[{\"@type\":\"ListItem\",\"position\":1,\"name\":\"acceuil\",\"item\":\"https:\/\/farmservices.fr\/\"},{\"@type\":\"ListItem\",\"position\":2,\"name\":\"Services\"}]},{\"@type\":\"WebSite\",\"@id\":\"https:\/\/farmservices.fr\/#website\",\"url\":\"https:\/\/farmservices.fr\/\",\"name\":\"Farm Services\",\"description\":\"Farm-Services, le service \u00e0 la ferme\",\"potentialAction\":[{\"@type\":\"SearchAction\",\"target\":{\"@type\":\"EntryPoint\",\"urlTemplate\":\"https:\/\/farmservices.fr\/?s={search_term_string}\"},\"query-input\":{\"@type\":\"PropertyValueSpecification\",\"valueRequired\":true,\"valueName\":\"search_term_string\"}}],\"inLanguage\":\"fr-FR\"}]}<\/script>\n<!-- \/ Yoast SEO plugin. -->","yoast_head_json":{"title":"Services - Farm Services","description":"Retrouvez sur notre site tout ce que nous vous apportons. D\u00e9pannage, agro-fourniture et tout l'\u00e9quipement pour le confort de vos animaux.","robots":{"index":"index","follow":"follow","max-snippet":"max-snippet:-1","max-image-preview":"max-image-preview:large","max-video-preview":"max-video-preview:-1"},"canonical":"https:\/\/farmservices.fr\/index.php\/services\/","og_locale":"fr_FR","og_type":"article","og_title":"Services - Farm Services","og_description":"Retrouvez sur notre site tout ce que nous vous apportons. D\u00e9pannage, agro-fourniture et tout l'\u00e9quipement pour le confort de vos animaux.","og_url":"https:\/\/farmservices.fr\/index.php\/services\/","og_site_name":"Farm Services","article_publisher":"https:\/\/www.facebook.com\/p\/Farm-Services-100081204763867\/","article_modified_time":"2023-07-31T06:28:01+00:00","og_image":[{"url":"https:\/\/farmservices.fr\/wp-content\/uploads\/2023\/07\/DSC_8948-768x512.jpg","type":"","width":"","height":""}],"twitter_card":"summary_large_image","twitter_misc":{"Dur\u00e9e de lecture estim\u00e9e":"2 minutes"},"schema":{"@context":"https:\/\/schema.org","@graph":[{"@type":"WebPage","@id":"https:\/\/farmservices.fr\/index.php\/services\/","url":"https:\/\/farmservices.fr\/index.php\/services\/","name":"Services - Farm Services","isPartOf":{"@id":"https:\/\/farmservices.fr\/#website"},"primaryImageOfPage":{"@id":"https:\/\/farmservices.fr\/index.php\/services\/#primaryimage"},"image":{"@id":"https:\/\/farmservices.fr\/index.php\/services\/#primaryimage"},"thumbnailUrl":"https:\/\/farmservices.fr\/wp-content\/uploads\/2023\/07\/DSC_8948-768x512.jpg","datePublished":"2023-07-06T08:57:49+00:00","dateModified":"2023-07-31T06:28:01+00:00","description":"Retrouvez sur notre site tout ce que nous vous apportons. D\u00e9pannage, agro-fourniture et tout l'\u00e9quipement pour le confort de vos animaux.","breadcrumb":{"@id":"https:\/\/farmservices.fr\/index.php\/services\/#breadcrumb"},"inLanguage":"fr-FR","potentialAction":[{"@type":"ReadAction","target":["https:\/\/farmservices.fr\/index.php\/services\/"]}]},{"@type":"ImageObject","inLanguage":"fr-FR","@id":"https:\/\/farmservices.fr\/index.php\/services\/#primaryimage","url":"https:\/\/farmservices.fr\/wp-content\/uploads\/2023\/07\/DSC_8948-scaled.jpg","contentUrl":"https:\/\/farmservices.fr\/wp-content\/uploads\/2023\/07\/DSC_8948-scaled.jpg","width":2560,"height":1707},{"@type":"BreadcrumbList","@id":"https:\/\/farmservices.fr\/index.php\/services\/#breadcrumb","itemListElement":[{"@type":"ListItem","position":1,"name":"acceuil","item":"https:\/\/farmservices.fr\/"},{"@type":"ListItem","position":2,"name":"Services"}]},{"@type":"WebSite","@id":"https:\/\/farmservices.fr\/#website","url":"https:\/\/farmservices.fr\/","name":"Farm Services","description":"Farm-Services, le service \u00e0 la ferme","potentialAction":[{"@type":"SearchAction","target":{"@type":"EntryPoint","urlTemplate":"https:\/\/farmservices.fr\/?s={search_term_string}"},"query-input":{"@type":"PropertyValueSpecification","valueRequired":true,"valueName":"search_term_string"}}],"inLanguage":"fr-FR"}]}},"_links":{"self":[{"href":"https:\/\/farmservices.fr\/index.php\/wp-json\/wp\/v2\/pages\/165","targetHints":{"allow":["GET"]}}],"collection":[{"href":"https:\/\/farmservices.fr\/index.php\/wp-json\/wp\/v2\/pages"}],"about":[{"href":"https:\/\/farmservices.fr\/index.php\/wp-json\/wp\/v2\/types\/page"}],"author":[{"embeddable":true,"href":"https:\/\/farmservices.fr\/index.php\/wp-json\/wp\/v2\/users\/1"}],"replies":[{"embeddable":true,"href":"https:\/\/farmservices.fr\/index.php\/wp-json\/wp\/v2\/comments?post=165"}],"version-history":[{"count":26,"href":"https:\/\/farmservices.fr\/index.php\/wp-json\/wp\/v2\/pages\/165\/revisions"}],"predecessor-version":[{"id":1838,"href":"https:\/\/farmservices.fr\/index.php\/wp-json\/wp\/v2\/pages\/165\/revisions\/1838"}],"wp:attachment":[{"href":"https:\/\/farmservices.fr\/index.php\/wp-json\/wp\/v2\/media?parent=165"}],"curies":[{"name":"wp","href":"https:\/\/api.w.org\/{rel}","templated":true}]}}