{"id":1985,"date":"2023-08-31T14:08:54","date_gmt":"2023-08-31T12:08:54","guid":{"rendered":"https:\/\/farmservices.fr\/?page_id=1985"},"modified":"2023-08-31T14:59:28","modified_gmt":"2023-08-31T12:59:28","slug":"racleurs","status":"publish","type":"page","link":"https:\/\/farmservices.fr\/index.php\/racleurs\/","title":{"rendered":"RACLEURS"},"content":{"rendered":"\t\t<div data-elementor-type=\"wp-page\" data-elementor-id=\"1985\" class=\"elementor elementor-1985\">\n\t\t\t\t\t\t<section class=\"elementor-section elementor-top-section elementor-element elementor-element-163764d elementor-section-boxed elementor-section-height-default elementor-section-height-default exad-glass-effect-no exad-sticky-section-no\" data-id=\"163764d\" data-element_type=\"section\" data-e-type=\"section\">\n\t\t\t\t\t\t<div class=\"elementor-container elementor-column-gap-default\">\n\t\t\t\t\t<div class=\"elementor-column elementor-col-50 elementor-top-column elementor-element elementor-element-1295412 exad-glass-effect-no exad-sticky-section-no\" data-id=\"1295412\" data-element_type=\"column\" data-e-type=\"column\">\n\t\t\t<div class=\"elementor-widget-wrap elementor-element-populated\">\n\t\t\t\t\t\t<div class=\"elementor-element elementor-element-d87376d exad-sticky-section-no exad-glass-effect-no elementor-widget elementor-widget-image\" data-id=\"d87376d\" data-element_type=\"widget\" data-e-type=\"widget\" data-widget_type=\"image.default\">\n\t\t\t\t<div class=\"elementor-widget-container\">\n\t\t\t\t\t\t\t\t\t\t\t\t\t\t\t<img fetchpriority=\"high\" decoding=\"async\" width=\"800\" height=\"395\" src=\"https:\/\/farmservices.fr\/wp-content\/uploads\/2023\/07\/image-19-1-1024x506.png\" class=\"attachment-large size-large wp-image-607\" alt=\"\" srcset=\"https:\/\/farmservices.fr\/wp-content\/uploads\/2023\/07\/image-19-1-1024x506.png 1024w, https:\/\/farmservices.fr\/wp-content\/uploads\/2023\/07\/image-19-1-300x148.png 300w, https:\/\/farmservices.fr\/wp-content\/uploads\/2023\/07\/image-19-1-768x380.png 768w, https:\/\/farmservices.fr\/wp-content\/uploads\/2023\/07\/image-19-1-1536x759.png 1536w, https:\/\/farmservices.fr\/wp-content\/uploads\/2023\/07\/image-19-1-2048x1013.png 2048w\" sizes=\"(max-width: 800px) 100vw, 800px\" \/>\t\t\t\t\t\t\t\t\t\t\t\t\t\t\t<\/div>\n\t\t\t\t<\/div>\n\t\t\t\t\t<\/div>\n\t\t<\/div>\n\t\t\t\t<div class=\"elementor-column elementor-col-50 elementor-top-column elementor-element elementor-element-5eab280 exad-glass-effect-no exad-sticky-section-no\" data-id=\"5eab280\" data-element_type=\"column\" data-e-type=\"column\">\n\t\t\t<div class=\"elementor-widget-wrap elementor-element-populated\">\n\t\t\t\t\t\t<div class=\"elementor-element elementor-element-0861053 exad-sticky-section-no exad-glass-effect-no elementor-widget elementor-widget-heading\" data-id=\"0861053\" data-element_type=\"widget\" data-e-type=\"widget\" data-widget_type=\"heading.default\">\n\t\t\t\t<div class=\"elementor-widget-container\">\n\t\t\t\t\t<h2 class=\"elementor-heading-title elementor-size-default\">racleur<\/h2>\t\t\t\t<\/div>\n\t\t\t\t<\/div>\n\t\t\t\t<div class=\"elementor-element elementor-element-daa0178 exad-sticky-section-no exad-glass-effect-no elementor-widget elementor-widget-text-editor\" data-id=\"daa0178\" data-element_type=\"widget\" data-e-type=\"widget\" data-widget_type=\"text-editor.default\">\n\t\t\t\t<div class=\"elementor-widget-container\">\n\t\t\t\t\t\t\t\t\t<ul><li><span class=\"WdYUQQ text-decoration-none text-strikethrough-none\" style=\"color: #545454; font-weight: bold;\">\u00c0 corde, \u00e0 chaine ou hydraulique<\/span><\/li><li><span class=\"WdYUQQ text-decoration-none text-strikethrough-none\" style=\"color: #545454; font-weight: bold;\">Hauteur variable de 15 et 25cm<\/span><\/li><li><span class=\"WdYUQQ text-decoration-none text-strikethrough-none\" style=\"color: #545454; font-weight: bold;\">Enti\u00e8rement galvanis\u00e9<\/span><\/li><li><span class=\"WdYUQQ text-decoration-none text-strikethrough-none\" style=\"color: #545454; font-weight: bold;\">Sur b\u00e9ton, tapis ou caillebotis<\/span><\/li><li><span class=\"WdYUQQ text-decoration-none text-strikethrough-none\" style=\"color: #545454; font-weight: bold;\">Racleur droit, en U, en V, en W<\/span><\/li><li><span class=\"WdYUQQ text-decoration-none text-strikethrough-none\" style=\"color: #545454; font-weight: bold;\">Largeur adaptable selon la taille du couloir<\/span><\/li><\/ul>\t\t\t\t\t\t\t\t<\/div>\n\t\t\t\t<\/div>\n\t\t\t\t\t<\/div>\n\t\t<\/div>\n\t\t\t\t\t<\/div>\n\t\t<\/section>\n\t\t\t\t<section class=\"elementor-section elementor-top-section elementor-element elementor-element-1ea808b elementor-section-boxed elementor-section-height-default elementor-section-height-default exad-glass-effect-no exad-sticky-section-no\" data-id=\"1ea808b\" data-element_type=\"section\" data-e-type=\"section\">\n\t\t\t\t\t\t<div class=\"elementor-container elementor-column-gap-default\">\n\t\t\t\t\t<div class=\"elementor-column elementor-col-100 elementor-top-column elementor-element elementor-element-5464103 exad-glass-effect-no exad-sticky-section-no\" data-id=\"5464103\" data-element_type=\"column\" data-e-type=\"column\">\n\t\t\t<div class=\"elementor-widget-wrap elementor-element-populated\">\n\t\t\t\t\t\t<div class=\"elementor-element elementor-element-5ebdd94 exad-sticky-section-no exad-glass-effect-no elementor-widget elementor-widget-image\" data-id=\"5ebdd94\" data-element_type=\"widget\" data-e-type=\"widget\" data-widget_type=\"image.default\">\n\t\t\t\t<div class=\"elementor-widget-container\">\n\t\t\t\t\t\t\t\t\t\t\t\t\t\t\t<img decoding=\"async\" width=\"800\" height=\"534\" src=\"https:\/\/farmservices.fr\/wp-content\/uploads\/2023\/07\/DSC_8874-1024x683.jpg\" class=\"attachment-large size-large wp-image-105\" alt=\"\" srcset=\"https:\/\/farmservices.fr\/wp-content\/uploads\/2023\/07\/DSC_8874-1024x683.jpg 1024w, https:\/\/farmservices.fr\/wp-content\/uploads\/2023\/07\/DSC_8874-300x200.jpg 300w, https:\/\/farmservices.fr\/wp-content\/uploads\/2023\/07\/DSC_8874-768x512.jpg 768w, https:\/\/farmservices.fr\/wp-content\/uploads\/2023\/07\/DSC_8874-1536x1024.jpg 1536w, https:\/\/farmservices.fr\/wp-content\/uploads\/2023\/07\/DSC_8874-2048x1365.jpg 2048w\" sizes=\"(max-width: 800px) 100vw, 800px\" \/>\t\t\t\t\t\t\t\t\t\t\t\t\t\t\t<\/div>\n\t\t\t\t<\/div>\n\t\t\t\t\t<\/div>\n\t\t<\/div>\n\t\t\t\t\t<\/div>\n\t\t<\/section>\n\t\t\t\t<\/div>\n\t\t","protected":false},"excerpt":{"rendered":"<p>racleur \u00c0 corde, \u00e0 chaine ou hydraulique Hauteur variable de 15 et 25cm Enti\u00e8rement galvanis\u00e9 Sur b\u00e9ton, tapis ou caillebotis&hellip;<\/p>\n<p> <a class=\"more-link\" href=\"https:\/\/farmservices.fr\/index.php\/racleurs\/\">Lire la suite<\/a><\/p>\n","protected":false},"author":1,"featured_media":0,"parent":0,"menu_order":0,"comment_status":"closed","ping_status":"closed","template":"","meta":{"footnotes":""},"class_list":["post-1985","page","type-page","status-publish"],"yoast_head":"<!-- This site is optimized with the Yoast SEO plugin v26.8 - https:\/\/yoast.com\/product\/yoast-seo-wordpress\/ -->\n<title>RACLEURS - Farm Services<\/title>\n<meta name=\"description\" content=\"Le racleur \u00e0 fumier ou lisier CRD, id\u00e9al pour faciliter et am\u00e9liorer l&#039;hygi\u00e8ne de vos zones d&#039;\u00e9levages, et r\u00e9duire vos couts d&#039;exploitation.\" \/>\n<meta name=\"robots\" content=\"index, follow, max-snippet:-1, max-image-preview:large, max-video-preview:-1\" \/>\n<link rel=\"canonical\" href=\"https:\/\/farmservices.fr\/index.php\/racleurs\/\" \/>\n<meta property=\"og:locale\" content=\"fr_FR\" \/>\n<meta property=\"og:type\" content=\"article\" \/>\n<meta property=\"og:title\" content=\"RACLEURS - Farm Services\" \/>\n<meta property=\"og:description\" content=\"Le racleur \u00e0 fumier ou lisier CRD, id\u00e9al pour faciliter et am\u00e9liorer l&#039;hygi\u00e8ne de vos zones d&#039;\u00e9levages, et r\u00e9duire vos couts d&#039;exploitation.\" \/>\n<meta property=\"og:url\" content=\"https:\/\/farmservices.fr\/index.php\/racleurs\/\" \/>\n<meta property=\"og:site_name\" content=\"Farm Services\" \/>\n<meta property=\"article:publisher\" content=\"https:\/\/www.facebook.com\/p\/Farm-Services-100081204763867\/\" \/>\n<meta property=\"article:modified_time\" content=\"2023-08-31T12:59:28+00:00\" \/>\n<meta property=\"og:image\" content=\"https:\/\/farmservices.fr\/wp-content\/uploads\/2023\/07\/image-19-1-1024x506.png\" \/>\n<meta name=\"twitter:card\" content=\"summary_large_image\" \/>\n<meta name=\"twitter:label1\" content=\"Dur\u00e9e de lecture estim\u00e9e\" \/>\n\t<meta name=\"twitter:data1\" content=\"1 minute\" \/>\n<script type=\"application\/ld+json\" class=\"yoast-schema-graph\">{\"@context\":\"https:\/\/schema.org\",\"@graph\":[{\"@type\":\"WebPage\",\"@id\":\"https:\/\/farmservices.fr\/index.php\/racleurs\/\",\"url\":\"https:\/\/farmservices.fr\/index.php\/racleurs\/\",\"name\":\"RACLEURS - Farm Services\",\"isPartOf\":{\"@id\":\"https:\/\/farmservices.fr\/#website\"},\"primaryImageOfPage\":{\"@id\":\"https:\/\/farmservices.fr\/index.php\/racleurs\/#primaryimage\"},\"image\":{\"@id\":\"https:\/\/farmservices.fr\/index.php\/racleurs\/#primaryimage\"},\"thumbnailUrl\":\"https:\/\/farmservices.fr\/wp-content\/uploads\/2023\/07\/image-19-1-1024x506.png\",\"datePublished\":\"2023-08-31T12:08:54+00:00\",\"dateModified\":\"2023-08-31T12:59:28+00:00\",\"description\":\"Le racleur \u00e0 fumier ou lisier CRD, id\u00e9al pour faciliter et am\u00e9liorer l'hygi\u00e8ne de vos zones d'\u00e9levages, et r\u00e9duire vos couts d'exploitation.\",\"breadcrumb\":{\"@id\":\"https:\/\/farmservices.fr\/index.php\/racleurs\/#breadcrumb\"},\"inLanguage\":\"fr-FR\",\"potentialAction\":[{\"@type\":\"ReadAction\",\"target\":[\"https:\/\/farmservices.fr\/index.php\/racleurs\/\"]}]},{\"@type\":\"ImageObject\",\"inLanguage\":\"fr-FR\",\"@id\":\"https:\/\/farmservices.fr\/index.php\/racleurs\/#primaryimage\",\"url\":\"https:\/\/farmservices.fr\/wp-content\/uploads\/2023\/07\/image-19-1.png\",\"contentUrl\":\"https:\/\/farmservices.fr\/wp-content\/uploads\/2023\/07\/image-19-1.png\",\"width\":2067,\"height\":1022},{\"@type\":\"BreadcrumbList\",\"@id\":\"https:\/\/farmservices.fr\/index.php\/racleurs\/#breadcrumb\",\"itemListElement\":[{\"@type\":\"ListItem\",\"position\":1,\"name\":\"acceuil\",\"item\":\"https:\/\/farmservices.fr\/\"},{\"@type\":\"ListItem\",\"position\":2,\"name\":\"RACLEURS\"}]},{\"@type\":\"WebSite\",\"@id\":\"https:\/\/farmservices.fr\/#website\",\"url\":\"https:\/\/farmservices.fr\/\",\"name\":\"Farm Services\",\"description\":\"Farm-Services, le service \u00e0 la ferme\",\"potentialAction\":[{\"@type\":\"SearchAction\",\"target\":{\"@type\":\"EntryPoint\",\"urlTemplate\":\"https:\/\/farmservices.fr\/?s={search_term_string}\"},\"query-input\":{\"@type\":\"PropertyValueSpecification\",\"valueRequired\":true,\"valueName\":\"search_term_string\"}}],\"inLanguage\":\"fr-FR\"}]}<\/script>\n<!-- \/ Yoast SEO plugin. -->","yoast_head_json":{"title":"RACLEURS - Farm Services","description":"Le racleur \u00e0 fumier ou lisier CRD, id\u00e9al pour faciliter et am\u00e9liorer l'hygi\u00e8ne de vos zones d'\u00e9levages, et r\u00e9duire vos couts d'exploitation.","robots":{"index":"index","follow":"follow","max-snippet":"max-snippet:-1","max-image-preview":"max-image-preview:large","max-video-preview":"max-video-preview:-1"},"canonical":"https:\/\/farmservices.fr\/index.php\/racleurs\/","og_locale":"fr_FR","og_type":"article","og_title":"RACLEURS - Farm Services","og_description":"Le racleur \u00e0 fumier ou lisier CRD, id\u00e9al pour faciliter et am\u00e9liorer l'hygi\u00e8ne de vos zones d'\u00e9levages, et r\u00e9duire vos couts d'exploitation.","og_url":"https:\/\/farmservices.fr\/index.php\/racleurs\/","og_site_name":"Farm Services","article_publisher":"https:\/\/www.facebook.com\/p\/Farm-Services-100081204763867\/","article_modified_time":"2023-08-31T12:59:28+00:00","og_image":[{"url":"https:\/\/farmservices.fr\/wp-content\/uploads\/2023\/07\/image-19-1-1024x506.png","type":"","width":"","height":""}],"twitter_card":"summary_large_image","twitter_misc":{"Dur\u00e9e de lecture estim\u00e9e":"1 minute"},"schema":{"@context":"https:\/\/schema.org","@graph":[{"@type":"WebPage","@id":"https:\/\/farmservices.fr\/index.php\/racleurs\/","url":"https:\/\/farmservices.fr\/index.php\/racleurs\/","name":"RACLEURS - Farm Services","isPartOf":{"@id":"https:\/\/farmservices.fr\/#website"},"primaryImageOfPage":{"@id":"https:\/\/farmservices.fr\/index.php\/racleurs\/#primaryimage"},"image":{"@id":"https:\/\/farmservices.fr\/index.php\/racleurs\/#primaryimage"},"thumbnailUrl":"https:\/\/farmservices.fr\/wp-content\/uploads\/2023\/07\/image-19-1-1024x506.png","datePublished":"2023-08-31T12:08:54+00:00","dateModified":"2023-08-31T12:59:28+00:00","description":"Le racleur \u00e0 fumier ou lisier CRD, id\u00e9al pour faciliter et am\u00e9liorer l'hygi\u00e8ne de vos zones d'\u00e9levages, et r\u00e9duire vos couts d'exploitation.","breadcrumb":{"@id":"https:\/\/farmservices.fr\/index.php\/racleurs\/#breadcrumb"},"inLanguage":"fr-FR","potentialAction":[{"@type":"ReadAction","target":["https:\/\/farmservices.fr\/index.php\/racleurs\/"]}]},{"@type":"ImageObject","inLanguage":"fr-FR","@id":"https:\/\/farmservices.fr\/index.php\/racleurs\/#primaryimage","url":"https:\/\/farmservices.fr\/wp-content\/uploads\/2023\/07\/image-19-1.png","contentUrl":"https:\/\/farmservices.fr\/wp-content\/uploads\/2023\/07\/image-19-1.png","width":2067,"height":1022},{"@type":"BreadcrumbList","@id":"https:\/\/farmservices.fr\/index.php\/racleurs\/#breadcrumb","itemListElement":[{"@type":"ListItem","position":1,"name":"acceuil","item":"https:\/\/farmservices.fr\/"},{"@type":"ListItem","position":2,"name":"RACLEURS"}]},{"@type":"WebSite","@id":"https:\/\/farmservices.fr\/#website","url":"https:\/\/farmservices.fr\/","name":"Farm Services","description":"Farm-Services, le service \u00e0 la ferme","potentialAction":[{"@type":"SearchAction","target":{"@type":"EntryPoint","urlTemplate":"https:\/\/farmservices.fr\/?s={search_term_string}"},"query-input":{"@type":"PropertyValueSpecification","valueRequired":true,"valueName":"search_term_string"}}],"inLanguage":"fr-FR"}]}},"_links":{"self":[{"href":"https:\/\/farmservices.fr\/index.php\/wp-json\/wp\/v2\/pages\/1985","targetHints":{"allow":["GET"]}}],"collection":[{"href":"https:\/\/farmservices.fr\/index.php\/wp-json\/wp\/v2\/pages"}],"about":[{"href":"https:\/\/farmservices.fr\/index.php\/wp-json\/wp\/v2\/types\/page"}],"author":[{"embeddable":true,"href":"https:\/\/farmservices.fr\/index.php\/wp-json\/wp\/v2\/users\/1"}],"replies":[{"embeddable":true,"href":"https:\/\/farmservices.fr\/index.php\/wp-json\/wp\/v2\/comments?post=1985"}],"version-history":[{"count":5,"href":"https:\/\/farmservices.fr\/index.php\/wp-json\/wp\/v2\/pages\/1985\/revisions"}],"predecessor-version":[{"id":1991,"href":"https:\/\/farmservices.fr\/index.php\/wp-json\/wp\/v2\/pages\/1985\/revisions\/1991"}],"wp:attachment":[{"href":"https:\/\/farmservices.fr\/index.php\/wp-json\/wp\/v2\/media?parent=1985"}],"curies":[{"name":"wp","href":"https:\/\/api.w.org\/{rel}","templated":true}]}}