{"id":38,"date":"2023-07-06T07:19:02","date_gmt":"2023-07-06T07:19:02","guid":{"rendered":"https:\/\/farmservices.fr\/?page_id=38"},"modified":"2023-07-31T08:33:40","modified_gmt":"2023-07-31T06:33:40","slug":"atelier-fabrication","status":"publish","type":"page","link":"https:\/\/farmservices.fr\/index.php\/atelier-fabrication\/","title":{"rendered":"Atelier de fabrication"},"content":{"rendered":"\t\t<div data-elementor-type=\"wp-page\" data-elementor-id=\"38\" class=\"elementor elementor-38\">\n\t\t\t\t\t\t<section class=\"elementor-section elementor-top-section elementor-element elementor-element-f1de956 elementor-section-boxed elementor-section-height-default elementor-section-height-default exad-glass-effect-no exad-sticky-section-no\" data-id=\"f1de956\" data-element_type=\"section\" data-e-type=\"section\">\n\t\t\t\t\t\t<div class=\"elementor-container elementor-column-gap-default\">\n\t\t\t\t\t<div class=\"elementor-column elementor-col-50 elementor-top-column elementor-element elementor-element-08b037e exad-glass-effect-no exad-sticky-section-no\" data-id=\"08b037e\" data-element_type=\"column\" data-e-type=\"column\">\n\t\t\t<div class=\"elementor-widget-wrap elementor-element-populated\">\n\t\t\t\t\t\t<div class=\"elementor-element elementor-element-905b1ae exad-sticky-section-no exad-glass-effect-no elementor-widget elementor-widget-heading\" data-id=\"905b1ae\" data-element_type=\"widget\" data-e-type=\"widget\" data-widget_type=\"heading.default\">\n\t\t\t\t<div class=\"elementor-widget-container\">\n\t\t\t\t\t<h1 class=\"elementor-heading-title elementor-size-default\"><h1 class=\"elementor-heading-title elementor-size-default elementor-inline-editing pen\" data-elementor-setting-key=\"title\" data-pen-placeholder=\"\u00c9crivez ici...\" style=\"font-family: var( --e-global-typography-primary-font-family ), Sans-serif;font-weight: var( --e-global-typography-primary-font-weight );text-align: center\">PROJET SUR MESURE<\/h1><\/h1>\t\t\t\t<\/div>\n\t\t\t\t<\/div>\n\t\t\t\t<div class=\"elementor-element elementor-element-70f00b9 exad-sticky-section-no exad-glass-effect-no elementor-widget elementor-widget-text-editor\" data-id=\"70f00b9\" data-element_type=\"widget\" data-e-type=\"widget\" data-widget_type=\"text-editor.default\">\n\t\t\t\t<div class=\"elementor-widget-container\">\n\t\t\t\t\t\t\t\t\t<ul><li><span style=\"color: #545454; font-weight: bold;\">Notre atelier de fabrication vous propose \u00e9galement de produire des projets personnalis\u00e9s.<\/span><\/li><li><span style=\"color: #545454; font-weight: bold;\">Nous r\u00e9alisons avec vous l&rsquo;\u00e9tude et la faisabilit\u00e9 de votre projet.<\/span><\/li><li><span style=\"color: #545454; font-weight: bold;\">Salle de traite ambulante, ch\u00e2ssis, tubulaire sur mesure.<\/span><\/li><li><span style=\"color: #545454; font-weight: bold;\"><u>Nous vous proposons une solution de financement.<\/u><\/span><\/li><\/ul>\t\t\t\t\t\t\t\t<\/div>\n\t\t\t\t<\/div>\n\t\t\t\t\t<\/div>\n\t\t<\/div>\n\t\t\t\t<div class=\"elementor-column elementor-col-50 elementor-top-column elementor-element elementor-element-206a6ff exad-glass-effect-no exad-sticky-section-no\" data-id=\"206a6ff\" data-element_type=\"column\" data-e-type=\"column\">\n\t\t\t<div class=\"elementor-widget-wrap elementor-element-populated\">\n\t\t\t\t\t\t<div class=\"elementor-element elementor-element-340ac0c exad-sticky-section-no exad-glass-effect-no elementor-widget elementor-widget-image\" data-id=\"340ac0c\" data-element_type=\"widget\" data-e-type=\"widget\" data-widget_type=\"image.default\">\n\t\t\t\t<div class=\"elementor-widget-container\">\n\t\t\t\t\t\t\t\t\t\t\t\t\t\t\t<img fetchpriority=\"high\" decoding=\"async\" width=\"768\" height=\"512\" src=\"https:\/\/farmservices.fr\/wp-content\/uploads\/2023\/07\/DSC_8885-scaled.jpg\" class=\"attachment-medium_large size-medium_large wp-image-59\" alt=\"\" srcset=\"https:\/\/farmservices.fr\/wp-content\/uploads\/2023\/07\/DSC_8885-scaled.jpg 2560w, https:\/\/farmservices.fr\/wp-content\/uploads\/2023\/07\/DSC_8885-300x200.jpg 300w\" sizes=\"(max-width: 768px) 100vw, 768px\" \/>\t\t\t\t\t\t\t\t\t\t\t\t\t\t\t<\/div>\n\t\t\t\t<\/div>\n\t\t\t\t\t<\/div>\n\t\t<\/div>\n\t\t\t\t\t<\/div>\n\t\t<\/section>\n\t\t\t\t<section class=\"elementor-section elementor-top-section elementor-element elementor-element-7a9784e elementor-section-boxed elementor-section-height-default elementor-section-height-default exad-glass-effect-no exad-sticky-section-no\" data-id=\"7a9784e\" data-element_type=\"section\" data-e-type=\"section\">\n\t\t\t\t\t\t<div class=\"elementor-container elementor-column-gap-default\">\n\t\t\t\t\t<div class=\"elementor-column elementor-col-50 elementor-top-column elementor-element elementor-element-c5b3415 exad-glass-effect-no exad-sticky-section-no\" data-id=\"c5b3415\" data-element_type=\"column\" data-e-type=\"column\">\n\t\t\t<div class=\"elementor-widget-wrap elementor-element-populated\">\n\t\t\t\t\t\t<div class=\"elementor-element elementor-element-7546a26 exad-sticky-section-no exad-glass-effect-no elementor-widget elementor-widget-image\" data-id=\"7546a26\" data-element_type=\"widget\" data-e-type=\"widget\" data-widget_type=\"image.default\">\n\t\t\t\t<div class=\"elementor-widget-container\">\n\t\t\t\t\t\t\t\t\t\t\t\t\t\t\t<img decoding=\"async\" width=\"768\" height=\"576\" src=\"https:\/\/farmservices.fr\/wp-content\/uploads\/2023\/07\/20230510_102722-768x576.jpg\" class=\"attachment-medium_large size-medium_large wp-image-76\" alt=\"\" srcset=\"https:\/\/farmservices.fr\/wp-content\/uploads\/2023\/07\/20230510_102722-768x576.jpg 768w, https:\/\/farmservices.fr\/wp-content\/uploads\/2023\/07\/20230510_102722-300x225.jpg 300w, https:\/\/farmservices.fr\/wp-content\/uploads\/2023\/07\/20230510_102722-1024x768.jpg 1024w, https:\/\/farmservices.fr\/wp-content\/uploads\/2023\/07\/20230510_102722-1536x1152.jpg 1536w, https:\/\/farmservices.fr\/wp-content\/uploads\/2023\/07\/20230510_102722-2048x1536.jpg 2048w\" sizes=\"(max-width: 768px) 100vw, 768px\" \/>\t\t\t\t\t\t\t\t\t\t\t\t\t\t\t<\/div>\n\t\t\t\t<\/div>\n\t\t\t\t\t<\/div>\n\t\t<\/div>\n\t\t\t\t<div class=\"elementor-column elementor-col-50 elementor-top-column elementor-element elementor-element-d94277f exad-glass-effect-no exad-sticky-section-no\" data-id=\"d94277f\" data-element_type=\"column\" data-e-type=\"column\">\n\t\t\t<div class=\"elementor-widget-wrap elementor-element-populated\">\n\t\t\t\t\t\t<div class=\"elementor-element elementor-element-d4e3c15 exad-sticky-section-no exad-glass-effect-no elementor-widget elementor-widget-heading\" data-id=\"d4e3c15\" data-element_type=\"widget\" data-e-type=\"widget\" data-widget_type=\"heading.default\">\n\t\t\t\t<div class=\"elementor-widget-container\">\n\t\t\t\t\t<h1 class=\"elementor-heading-title elementor-size-default\"><h1 class=\"elementor-heading-title elementor-size-default elementor-inline-editing pen\" data-elementor-setting-key=\"title\" data-pen-placeholder=\"\u00c9crivez ici...\" style=\"font-family: var( --e-global-typography-primary-font-family ), Sans-serif;font-weight: var( --e-global-typography-primary-font-weight );text-align: center\">PI\u00c8CE SUR MESURE<\/h1><\/h1>\t\t\t\t<\/div>\n\t\t\t\t<\/div>\n\t\t\t\t<div class=\"elementor-element elementor-element-dcf2b78 exad-sticky-section-no exad-glass-effect-no elementor-widget elementor-widget-text-editor\" data-id=\"dcf2b78\" data-element_type=\"widget\" data-e-type=\"widget\" data-widget_type=\"text-editor.default\">\n\t\t\t\t<div class=\"elementor-widget-container\">\n\t\t\t\t\t\t\t\t\t<ul><li><span class=\"WdYUQQ text-decoration-none text-strikethrough-none\" style=\"color: #545454; font-weight: bold;\">Besoin d&rsquo;une pi\u00e8ce bien pr\u00e9cise ?<\/span><\/li><li><span class=\"WdYUQQ text-decoration-none text-strikethrough-none\" style=\"color: #545454; font-weight: bold;\">Expliquez-nous votre besoin et nous y r\u00e9pondrons<\/span><\/li><li><span class=\"WdYUQQ text-decoration-none text-strikethrough-none\" style=\"color: #545454; font-weight: bold;\">Gr\u00e2ce \u00e0 notre atelier comportant : soudage, d\u00e9coupe, peinture, sablage, nous sommes capables de r\u00e9pondre \u00e0 vos besoins.<\/span><\/li><\/ul>\t\t\t\t\t\t\t\t<\/div>\n\t\t\t\t<\/div>\n\t\t\t\t\t<\/div>\n\t\t<\/div>\n\t\t\t\t\t<\/div>\n\t\t<\/section>\n\t\t\t\t<section class=\"elementor-section elementor-top-section elementor-element elementor-element-9eb8cb8 elementor-section-boxed elementor-section-height-default elementor-section-height-default exad-glass-effect-no exad-sticky-section-no\" data-id=\"9eb8cb8\" data-element_type=\"section\" data-e-type=\"section\">\n\t\t\t\t\t\t<div class=\"elementor-container elementor-column-gap-default\">\n\t\t\t\t\t<div class=\"elementor-column elementor-col-100 elementor-top-column elementor-element elementor-element-00ad11a exad-glass-effect-no exad-sticky-section-no\" data-id=\"00ad11a\" data-element_type=\"column\" data-e-type=\"column\">\n\t\t\t<div class=\"elementor-widget-wrap elementor-element-populated\">\n\t\t\t\t\t\t<div class=\"elementor-element elementor-element-7302a13 exad-sticky-section-no exad-glass-effect-no elementor-widget elementor-widget-spacer\" data-id=\"7302a13\" data-element_type=\"widget\" data-e-type=\"widget\" data-widget_type=\"spacer.default\">\n\t\t\t\t<div class=\"elementor-widget-container\">\n\t\t\t\t\t\t\t<div class=\"elementor-spacer\">\n\t\t\t<div class=\"elementor-spacer-inner\"><\/div>\n\t\t<\/div>\n\t\t\t\t\t\t<\/div>\n\t\t\t\t<\/div>\n\t\t\t\t\t<\/div>\n\t\t<\/div>\n\t\t\t\t\t<\/div>\n\t\t<\/section>\n\t\t\t\t<section class=\"elementor-section elementor-top-section elementor-element elementor-element-55c470e elementor-section-boxed elementor-section-height-default elementor-section-height-default exad-glass-effect-no exad-sticky-section-no\" data-id=\"55c470e\" data-element_type=\"section\" data-e-type=\"section\">\n\t\t\t\t\t\t<div class=\"elementor-container elementor-column-gap-default\">\n\t\t\t\t\t<div class=\"elementor-column elementor-col-100 elementor-top-column elementor-element elementor-element-1a18a63 exad-glass-effect-no exad-sticky-section-no\" data-id=\"1a18a63\" data-element_type=\"column\" data-e-type=\"column\">\n\t\t\t<div class=\"elementor-widget-wrap elementor-element-populated\">\n\t\t\t\t\t\t<div class=\"elementor-element elementor-element-7431aba exad-sticky-section-no exad-glass-effect-no elementor-widget elementor-widget-text-editor\" data-id=\"7431aba\" data-element_type=\"widget\" data-e-type=\"widget\" data-widget_type=\"text-editor.default\">\n\t\t\t\t<div class=\"elementor-widget-container\">\n\t\t\t\t\t\t\t\t\t<p style=\"text-align: center;\"><span style=\"color: #333333;\">Besoin d&rsquo;un conseil ? Un projet \u00e0 r\u00e9aliser ?<\/span> <span style=\"text-decoration-line: underline; color: #008000;\"><a style=\"color: #008000;\" href=\"https:\/\/farmservices.fr\/index.php\/contact\/\">Contactez nou<\/a><\/span><span style=\"text-decoration-line: underline; color: #008000;\"><a style=\"color: #008000;\" href=\"https:\/\/farmservices.fr\/index.php\/contact\/\">s ici<\/a><\/span><\/p>\t\t\t\t\t\t\t\t<\/div>\n\t\t\t\t<\/div>\n\t\t\t\t\t<\/div>\n\t\t<\/div>\n\t\t\t\t\t<\/div>\n\t\t<\/section>\n\t\t\t\t<\/div>\n\t\t","protected":false},"excerpt":{"rendered":"<p>PROJET SUR MESURE Notre atelier de fabrication vous propose \u00e9galement de produire des projets personnalis\u00e9s. Nous r\u00e9alisons avec vous l&rsquo;\u00e9tude&hellip;<\/p>\n<p> <a class=\"more-link\" href=\"https:\/\/farmservices.fr\/index.php\/atelier-fabrication\/\">Lire la suite<\/a><\/p>\n","protected":false},"author":1,"featured_media":59,"parent":0,"menu_order":0,"comment_status":"closed","ping_status":"closed","template":"","meta":{"footnotes":""},"class_list":["post-38","page","type-page","status-publish","has-post-thumbnail"],"yoast_head":"<!-- This site is optimized with the Yoast SEO plugin v26.8 - https:\/\/yoast.com\/product\/yoast-seo-wordpress\/ -->\n<title>Atelier de fabrication - Farm Services<\/title>\n<meta name=\"description\" content=\"Chez Farm-Services, il est possible d&#039;obtenir ses pi\u00e8ces et de construire des projets sur mesure. Du simple porte sceau \u00e0 la machine complexe\" \/>\n<meta name=\"robots\" content=\"index, follow, max-snippet:-1, max-image-preview:large, max-video-preview:-1\" \/>\n<link rel=\"canonical\" href=\"https:\/\/farmservices.fr\/index.php\/atelier-fabrication\/\" \/>\n<meta property=\"og:locale\" content=\"fr_FR\" \/>\n<meta property=\"og:type\" content=\"article\" \/>\n<meta property=\"og:title\" content=\"Atelier de fabrication - Farm Services\" \/>\n<meta property=\"og:description\" content=\"Chez Farm-Services, il est possible d&#039;obtenir ses pi\u00e8ces et de construire des projets sur mesure. Du simple porte sceau \u00e0 la machine complexe\" \/>\n<meta property=\"og:url\" content=\"https:\/\/farmservices.fr\/index.php\/atelier-fabrication\/\" \/>\n<meta property=\"og:site_name\" content=\"Farm Services\" \/>\n<meta property=\"article:publisher\" content=\"https:\/\/www.facebook.com\/p\/Farm-Services-100081204763867\/\" \/>\n<meta property=\"article:modified_time\" content=\"2023-07-31T06:33:40+00:00\" \/>\n<meta property=\"og:image\" content=\"https:\/\/farmservices.fr\/wp-content\/uploads\/2023\/07\/DSC_8885-scaled.jpg\" \/>\n\t<meta property=\"og:image:width\" content=\"2560\" \/>\n\t<meta property=\"og:image:height\" content=\"1707\" \/>\n\t<meta property=\"og:image:type\" content=\"image\/jpeg\" \/>\n<meta name=\"twitter:card\" content=\"summary_large_image\" \/>\n<meta name=\"twitter:label1\" content=\"Dur\u00e9e de lecture estim\u00e9e\" \/>\n\t<meta name=\"twitter:data1\" content=\"1 minute\" \/>\n<script type=\"application\/ld+json\" class=\"yoast-schema-graph\">{\"@context\":\"https:\/\/schema.org\",\"@graph\":[{\"@type\":\"WebPage\",\"@id\":\"https:\/\/farmservices.fr\/index.php\/atelier-fabrication\/\",\"url\":\"https:\/\/farmservices.fr\/index.php\/atelier-fabrication\/\",\"name\":\"Atelier de fabrication - Farm Services\",\"isPartOf\":{\"@id\":\"https:\/\/farmservices.fr\/#website\"},\"primaryImageOfPage\":{\"@id\":\"https:\/\/farmservices.fr\/index.php\/atelier-fabrication\/#primaryimage\"},\"image\":{\"@id\":\"https:\/\/farmservices.fr\/index.php\/atelier-fabrication\/#primaryimage\"},\"thumbnailUrl\":\"https:\/\/farmservices.fr\/wp-content\/uploads\/2023\/07\/DSC_8885-scaled.jpg\",\"datePublished\":\"2023-07-06T07:19:02+00:00\",\"dateModified\":\"2023-07-31T06:33:40+00:00\",\"description\":\"Chez Farm-Services, il est possible d'obtenir ses pi\u00e8ces et de construire des projets sur mesure. Du simple porte sceau \u00e0 la machine complexe\",\"breadcrumb\":{\"@id\":\"https:\/\/farmservices.fr\/index.php\/atelier-fabrication\/#breadcrumb\"},\"inLanguage\":\"fr-FR\",\"potentialAction\":[{\"@type\":\"ReadAction\",\"target\":[\"https:\/\/farmservices.fr\/index.php\/atelier-fabrication\/\"]}]},{\"@type\":\"ImageObject\",\"inLanguage\":\"fr-FR\",\"@id\":\"https:\/\/farmservices.fr\/index.php\/atelier-fabrication\/#primaryimage\",\"url\":\"https:\/\/farmservices.fr\/wp-content\/uploads\/2023\/07\/DSC_8885-scaled.jpg\",\"contentUrl\":\"https:\/\/farmservices.fr\/wp-content\/uploads\/2023\/07\/DSC_8885-scaled.jpg\",\"width\":2560,\"height\":1707},{\"@type\":\"BreadcrumbList\",\"@id\":\"https:\/\/farmservices.fr\/index.php\/atelier-fabrication\/#breadcrumb\",\"itemListElement\":[{\"@type\":\"ListItem\",\"position\":1,\"name\":\"acceuil\",\"item\":\"https:\/\/farmservices.fr\/\"},{\"@type\":\"ListItem\",\"position\":2,\"name\":\"Atelier de fabrication\"}]},{\"@type\":\"WebSite\",\"@id\":\"https:\/\/farmservices.fr\/#website\",\"url\":\"https:\/\/farmservices.fr\/\",\"name\":\"Farm Services\",\"description\":\"Farm-Services, le service \u00e0 la ferme\",\"potentialAction\":[{\"@type\":\"SearchAction\",\"target\":{\"@type\":\"EntryPoint\",\"urlTemplate\":\"https:\/\/farmservices.fr\/?s={search_term_string}\"},\"query-input\":{\"@type\":\"PropertyValueSpecification\",\"valueRequired\":true,\"valueName\":\"search_term_string\"}}],\"inLanguage\":\"fr-FR\"}]}<\/script>\n<!-- \/ Yoast SEO plugin. -->","yoast_head_json":{"title":"Atelier de fabrication - Farm Services","description":"Chez Farm-Services, il est possible d'obtenir ses pi\u00e8ces et de construire des projets sur mesure. Du simple porte sceau \u00e0 la machine complexe","robots":{"index":"index","follow":"follow","max-snippet":"max-snippet:-1","max-image-preview":"max-image-preview:large","max-video-preview":"max-video-preview:-1"},"canonical":"https:\/\/farmservices.fr\/index.php\/atelier-fabrication\/","og_locale":"fr_FR","og_type":"article","og_title":"Atelier de fabrication - Farm Services","og_description":"Chez Farm-Services, il est possible d'obtenir ses pi\u00e8ces et de construire des projets sur mesure. Du simple porte sceau \u00e0 la machine complexe","og_url":"https:\/\/farmservices.fr\/index.php\/atelier-fabrication\/","og_site_name":"Farm Services","article_publisher":"https:\/\/www.facebook.com\/p\/Farm-Services-100081204763867\/","article_modified_time":"2023-07-31T06:33:40+00:00","og_image":[{"width":2560,"height":1707,"url":"https:\/\/farmservices.fr\/wp-content\/uploads\/2023\/07\/DSC_8885-scaled.jpg","type":"image\/jpeg"}],"twitter_card":"summary_large_image","twitter_misc":{"Dur\u00e9e de lecture estim\u00e9e":"1 minute"},"schema":{"@context":"https:\/\/schema.org","@graph":[{"@type":"WebPage","@id":"https:\/\/farmservices.fr\/index.php\/atelier-fabrication\/","url":"https:\/\/farmservices.fr\/index.php\/atelier-fabrication\/","name":"Atelier de fabrication - Farm Services","isPartOf":{"@id":"https:\/\/farmservices.fr\/#website"},"primaryImageOfPage":{"@id":"https:\/\/farmservices.fr\/index.php\/atelier-fabrication\/#primaryimage"},"image":{"@id":"https:\/\/farmservices.fr\/index.php\/atelier-fabrication\/#primaryimage"},"thumbnailUrl":"https:\/\/farmservices.fr\/wp-content\/uploads\/2023\/07\/DSC_8885-scaled.jpg","datePublished":"2023-07-06T07:19:02+00:00","dateModified":"2023-07-31T06:33:40+00:00","description":"Chez Farm-Services, il est possible d'obtenir ses pi\u00e8ces et de construire des projets sur mesure. Du simple porte sceau \u00e0 la machine complexe","breadcrumb":{"@id":"https:\/\/farmservices.fr\/index.php\/atelier-fabrication\/#breadcrumb"},"inLanguage":"fr-FR","potentialAction":[{"@type":"ReadAction","target":["https:\/\/farmservices.fr\/index.php\/atelier-fabrication\/"]}]},{"@type":"ImageObject","inLanguage":"fr-FR","@id":"https:\/\/farmservices.fr\/index.php\/atelier-fabrication\/#primaryimage","url":"https:\/\/farmservices.fr\/wp-content\/uploads\/2023\/07\/DSC_8885-scaled.jpg","contentUrl":"https:\/\/farmservices.fr\/wp-content\/uploads\/2023\/07\/DSC_8885-scaled.jpg","width":2560,"height":1707},{"@type":"BreadcrumbList","@id":"https:\/\/farmservices.fr\/index.php\/atelier-fabrication\/#breadcrumb","itemListElement":[{"@type":"ListItem","position":1,"name":"acceuil","item":"https:\/\/farmservices.fr\/"},{"@type":"ListItem","position":2,"name":"Atelier de fabrication"}]},{"@type":"WebSite","@id":"https:\/\/farmservices.fr\/#website","url":"https:\/\/farmservices.fr\/","name":"Farm Services","description":"Farm-Services, le service \u00e0 la ferme","potentialAction":[{"@type":"SearchAction","target":{"@type":"EntryPoint","urlTemplate":"https:\/\/farmservices.fr\/?s={search_term_string}"},"query-input":{"@type":"PropertyValueSpecification","valueRequired":true,"valueName":"search_term_string"}}],"inLanguage":"fr-FR"}]}},"_links":{"self":[{"href":"https:\/\/farmservices.fr\/index.php\/wp-json\/wp\/v2\/pages\/38","targetHints":{"allow":["GET"]}}],"collection":[{"href":"https:\/\/farmservices.fr\/index.php\/wp-json\/wp\/v2\/pages"}],"about":[{"href":"https:\/\/farmservices.fr\/index.php\/wp-json\/wp\/v2\/types\/page"}],"author":[{"embeddable":true,"href":"https:\/\/farmservices.fr\/index.php\/wp-json\/wp\/v2\/users\/1"}],"replies":[{"embeddable":true,"href":"https:\/\/farmservices.fr\/index.php\/wp-json\/wp\/v2\/comments?post=38"}],"version-history":[{"count":32,"href":"https:\/\/farmservices.fr\/index.php\/wp-json\/wp\/v2\/pages\/38\/revisions"}],"predecessor-version":[{"id":1839,"href":"https:\/\/farmservices.fr\/index.php\/wp-json\/wp\/v2\/pages\/38\/revisions\/1839"}],"wp:featuredmedia":[{"embeddable":true,"href":"https:\/\/farmservices.fr\/index.php\/wp-json\/wp\/v2\/media\/59"}],"wp:attachment":[{"href":"https:\/\/farmservices.fr\/index.php\/wp-json\/wp\/v2\/media?parent=38"}],"curies":[{"name":"wp","href":"https:\/\/api.w.org\/{rel}","templated":true}]}}