{"id":61,"date":"2023-07-06T07:44:22","date_gmt":"2023-07-06T07:44:22","guid":{"rendered":"https:\/\/farmservices.fr\/?page_id=61"},"modified":"2023-08-01T09:58:59","modified_gmt":"2023-08-01T07:58:59","slug":"camion-magasin","status":"publish","type":"page","link":"https:\/\/farmservices.fr\/index.php\/camion-magasin\/","title":{"rendered":"Camion magasin"},"content":{"rendered":"\t\t<div data-elementor-type=\"wp-page\" data-elementor-id=\"61\" class=\"elementor elementor-61\">\n\t\t\t\t\t\t<section class=\"elementor-section elementor-top-section elementor-element elementor-element-eadaf40 elementor-section-boxed elementor-section-height-default elementor-section-height-default exad-glass-effect-no exad-sticky-section-no\" data-id=\"eadaf40\" data-element_type=\"section\" data-e-type=\"section\">\n\t\t\t\t\t\t<div class=\"elementor-container elementor-column-gap-default\">\n\t\t\t\t\t<div class=\"elementor-column elementor-col-50 elementor-top-column elementor-element elementor-element-bfc0484 exad-glass-effect-no exad-sticky-section-no\" data-id=\"bfc0484\" data-element_type=\"column\" data-e-type=\"column\">\n\t\t\t<div class=\"elementor-widget-wrap elementor-element-populated\">\n\t\t\t\t\t\t<div class=\"elementor-element elementor-element-9d18599 exad-sticky-section-no exad-glass-effect-no elementor-widget elementor-widget-heading\" data-id=\"9d18599\" data-element_type=\"widget\" data-e-type=\"widget\" data-widget_type=\"heading.default\">\n\t\t\t\t<div class=\"elementor-widget-container\">\n\t\t\t\t\t<h2 class=\"elementor-heading-title elementor-size-default\">Le magasin \u00e0 la ferme<\/h2>\t\t\t\t<\/div>\n\t\t\t\t<\/div>\n\t\t\t\t<div class=\"elementor-element elementor-element-756eb6a exad-sticky-section-no exad-glass-effect-no elementor-widget elementor-widget-text-editor\" data-id=\"756eb6a\" data-element_type=\"widget\" data-e-type=\"widget\" data-widget_type=\"text-editor.default\">\n\t\t\t\t<div class=\"elementor-widget-container\">\n\t\t\t\t\t\t\t\t\t<ul>\n<li><span class=\"WdYUQQ text-decoration-none text-strikethrough-none\" style=\"color: rgb(84, 84, 84); font-weight: 700;\">Notre camion magasin assure des tourn\u00e9es r\u00e9guli\u00e8res directement \u00e0 la ferme afin de vous fournir tout le mat\u00e9riel dont vous avez besoin.<\/span><\/li><li><span class=\"WdYUQQ text-decoration-none text-strikethrough-none\" style=\"color: rgb(84, 84, 84); font-weight: 700;\">Une large gamme de produit y est disponible.<\/span><\/li>\n<\/ul>\t\t\t\t\t\t\t\t<\/div>\n\t\t\t\t<\/div>\n\t\t\t\t\t<\/div>\n\t\t<\/div>\n\t\t\t\t<div class=\"elementor-column elementor-col-50 elementor-top-column elementor-element elementor-element-850372d exad-glass-effect-no exad-sticky-section-no\" data-id=\"850372d\" data-element_type=\"column\" data-e-type=\"column\">\n\t\t\t<div class=\"elementor-widget-wrap elementor-element-populated\">\n\t\t\t\t\t\t<div class=\"elementor-element elementor-element-52c7154 exad-sticky-section-no exad-glass-effect-no elementor-widget elementor-widget-image\" data-id=\"52c7154\" data-element_type=\"widget\" data-e-type=\"widget\" data-widget_type=\"image.default\">\n\t\t\t\t<div class=\"elementor-widget-container\">\n\t\t\t\t\t\t\t\t\t\t\t\t\t\t\t<img fetchpriority=\"high\" decoding=\"async\" width=\"768\" height=\"512\" src=\"https:\/\/farmservices.fr\/wp-content\/uploads\/2023\/07\/20230615_135952-scaled-e1688634984537-768x512.jpg\" class=\"attachment-medium_large size-medium_large wp-image-87\" alt=\"\" srcset=\"https:\/\/farmservices.fr\/wp-content\/uploads\/2023\/07\/20230615_135952-scaled-e1688634984537-768x512.jpg 768w, https:\/\/farmservices.fr\/wp-content\/uploads\/2023\/07\/20230615_135952-scaled-e1688634984537-300x200.jpg 300w, https:\/\/farmservices.fr\/wp-content\/uploads\/2023\/07\/20230615_135952-scaled-e1688634984537-1024x683.jpg 1024w, https:\/\/farmservices.fr\/wp-content\/uploads\/2023\/07\/20230615_135952-scaled-e1688634984537-1536x1025.jpg 1536w, https:\/\/farmservices.fr\/wp-content\/uploads\/2023\/07\/20230615_135952-scaled-e1688634984537-2048x1366.jpg 2048w\" sizes=\"(max-width: 768px) 100vw, 768px\" \/>\t\t\t\t\t\t\t\t\t\t\t\t\t\t\t<\/div>\n\t\t\t\t<\/div>\n\t\t\t\t\t<\/div>\n\t\t<\/div>\n\t\t\t\t\t<\/div>\n\t\t<\/section>\n\t\t\t\t<section class=\"elementor-section elementor-top-section elementor-element elementor-element-a1bfde2 elementor-section-boxed elementor-section-height-default elementor-section-height-default exad-glass-effect-no exad-sticky-section-no\" data-id=\"a1bfde2\" data-element_type=\"section\" data-e-type=\"section\">\n\t\t\t\t\t\t<div class=\"elementor-container elementor-column-gap-default\">\n\t\t\t\t\t<div class=\"elementor-column elementor-col-50 elementor-top-column elementor-element elementor-element-8e9c060 exad-glass-effect-no exad-sticky-section-no\" data-id=\"8e9c060\" data-element_type=\"column\" data-e-type=\"column\">\n\t\t\t<div class=\"elementor-widget-wrap elementor-element-populated\">\n\t\t\t\t\t\t<div class=\"elementor-element elementor-element-43ef2cd exad-sticky-section-no exad-glass-effect-no elementor-widget elementor-widget-image\" data-id=\"43ef2cd\" data-element_type=\"widget\" data-e-type=\"widget\" data-widget_type=\"image.default\">\n\t\t\t\t<div class=\"elementor-widget-container\">\n\t\t\t\t\t\t\t\t\t\t\t\t\t\t\t<img decoding=\"async\" width=\"768\" height=\"576\" src=\"https:\/\/farmservices.fr\/wp-content\/uploads\/2023\/07\/20230608_0913501-768x576.jpg\" class=\"attachment-medium_large size-medium_large wp-image-78\" alt=\"\" srcset=\"https:\/\/farmservices.fr\/wp-content\/uploads\/2023\/07\/20230608_0913501-768x576.jpg 768w, https:\/\/farmservices.fr\/wp-content\/uploads\/2023\/07\/20230608_0913501-300x225.jpg 300w, https:\/\/farmservices.fr\/wp-content\/uploads\/2023\/07\/20230608_0913501-1024x768.jpg 1024w, https:\/\/farmservices.fr\/wp-content\/uploads\/2023\/07\/20230608_0913501-1536x1152.jpg 1536w, https:\/\/farmservices.fr\/wp-content\/uploads\/2023\/07\/20230608_0913501-2048x1536.jpg 2048w\" sizes=\"(max-width: 768px) 100vw, 768px\" \/>\t\t\t\t\t\t\t\t\t\t\t\t\t\t\t<\/div>\n\t\t\t\t<\/div>\n\t\t\t\t\t<\/div>\n\t\t<\/div>\n\t\t\t\t<div class=\"elementor-column elementor-col-50 elementor-top-column elementor-element elementor-element-85ecac9 exad-glass-effect-no exad-sticky-section-no\" data-id=\"85ecac9\" data-element_type=\"column\" data-e-type=\"column\">\n\t\t\t<div class=\"elementor-widget-wrap elementor-element-populated\">\n\t\t\t\t\t\t<div class=\"elementor-element elementor-element-6820af5 exad-sticky-section-no exad-glass-effect-no elementor-widget elementor-widget-heading\" data-id=\"6820af5\" data-element_type=\"widget\" data-e-type=\"widget\" data-widget_type=\"heading.default\">\n\t\t\t\t<div class=\"elementor-widget-container\">\n\t\t\t\t\t<h2 class=\"elementor-heading-title elementor-size-default\">Catalogue camion<\/h2>\t\t\t\t<\/div>\n\t\t\t\t<\/div>\n\t\t\t\t<div class=\"elementor-element elementor-element-c4ee805 elementor-widget__width-auto exad-sticky-section-no exad-glass-effect-no elementor-widget elementor-widget-text-editor\" data-id=\"c4ee805\" data-element_type=\"widget\" data-e-type=\"widget\" data-widget_type=\"text-editor.default\">\n\t\t\t\t<div class=\"elementor-widget-container\">\n\t\t\t\t\t\t\t\t\t<ul>\n<li><span style=\"color: #545454; font-weight: bold;\">Retrouvez l&rsquo;ensemble des produits disponible dans notre camion directement sur notre catalogue en ligne.<\/span><\/li>\n<\/ul>\t\t\t\t\t\t\t\t<\/div>\n\t\t\t\t<\/div>\n\t\t\t\t<div class=\"elementor-element elementor-element-aed5c60 elementor-align-center exad-sticky-section-no exad-glass-effect-no elementor-widget elementor-widget-button\" data-id=\"aed5c60\" data-element_type=\"widget\" data-e-type=\"widget\" data-widget_type=\"button.default\">\n\t\t\t\t<div class=\"elementor-widget-container\">\n\t\t\t\t\t\t\t\t\t<div class=\"elementor-button-wrapper\">\n\t\t\t\t\t<a class=\"elementor-button elementor-button-link elementor-size-sm\" href=\"#\">\n\t\t\t\t\t\t<span class=\"elementor-button-content-wrapper\">\n\t\t\t\t\t\t<span class=\"elementor-button-icon\">\n\t\t\t\t<i aria-hidden=\"true\" class=\"fas fa-book\"><\/i>\t\t\t<\/span>\n\t\t\t\t\t\t\t\t\t<span class=\"elementor-button-text\">Catalogue en ligne<\/span>\n\t\t\t\t\t<\/span>\n\t\t\t\t\t<\/a>\n\t\t\t\t<\/div>\n\t\t\t\t\t\t\t\t<\/div>\n\t\t\t\t<\/div>\n\t\t\t\t<div class=\"elementor-element elementor-element-aa13198 exad-sticky-section-no exad-glass-effect-no elementor-widget elementor-widget-text-editor\" data-id=\"aa13198\" data-element_type=\"widget\" data-e-type=\"widget\" data-widget_type=\"text-editor.default\">\n\t\t\t\t<div class=\"elementor-widget-container\">\n\t\t\t\t\t\t\t\t\t<ul><li><span style=\"color: #545454; font-weight: bold;\">Besoin d&rsquo;un produit sp\u00e9cifique ? Contactez-nous via la rubrique\u00a0<span style=\"color: #448e3a;\"><a style=\"color: #448e3a;\" href=\"https:\/\/farmservices.fr\/index.php\/contact\/\"><span style=\"text-decoration-line: underline;\">contact<\/span><\/a><\/span>\u00a0pour le recevoir lors de la prochaine tourn\u00e9e.<\/span><\/li><\/ul>\t\t\t\t\t\t\t\t<\/div>\n\t\t\t\t<\/div>\n\t\t\t\t\t<\/div>\n\t\t<\/div>\n\t\t\t\t\t<\/div>\n\t\t<\/section>\n\t\t\t\t<\/div>\n\t\t","protected":false},"excerpt":{"rendered":"<p>Le magasin \u00e0 la ferme Notre camion magasin assure des tourn\u00e9es r\u00e9guli\u00e8res directement \u00e0 la ferme afin de vous fournir&hellip;<\/p>\n<p> <a class=\"more-link\" href=\"https:\/\/farmservices.fr\/index.php\/camion-magasin\/\">Lire la suite<\/a><\/p>\n","protected":false},"author":1,"featured_media":88,"parent":0,"menu_order":0,"comment_status":"closed","ping_status":"closed","template":"","meta":{"footnotes":""},"class_list":["post-61","page","type-page","status-publish","has-post-thumbnail"],"yoast_head":"<!-- This site is optimized with the Yoast SEO plugin v26.8 - https:\/\/yoast.com\/product\/yoast-seo-wordpress\/ -->\n<title>Camion magasin - Farm Services<\/title>\n<meta name=\"description\" content=\"Notre camion magasin livre chez vous tout l&#039;essentiel de la ferme. Commandez \u00e9galement des pi\u00e8ces sp\u00e9cifique et recevez les chez vous !\" \/>\n<meta name=\"robots\" content=\"index, follow, max-snippet:-1, max-image-preview:large, max-video-preview:-1\" \/>\n<link rel=\"canonical\" href=\"https:\/\/farmservices.fr\/index.php\/camion-magasin\/\" \/>\n<meta property=\"og:locale\" content=\"fr_FR\" \/>\n<meta property=\"og:type\" content=\"article\" \/>\n<meta property=\"og:title\" content=\"Camion magasin - Farm Services\" \/>\n<meta property=\"og:description\" content=\"Notre camion magasin livre chez vous tout l&#039;essentiel de la ferme. Commandez \u00e9galement des pi\u00e8ces sp\u00e9cifique et recevez les chez vous !\" \/>\n<meta property=\"og:url\" content=\"https:\/\/farmservices.fr\/index.php\/camion-magasin\/\" \/>\n<meta property=\"og:site_name\" content=\"Farm Services\" \/>\n<meta property=\"article:publisher\" content=\"https:\/\/www.facebook.com\/p\/Farm-Services-100081204763867\/\" \/>\n<meta property=\"article:modified_time\" content=\"2023-08-01T07:58:59+00:00\" \/>\n<meta property=\"og:image\" content=\"https:\/\/farmservices.fr\/wp-content\/uploads\/2023\/07\/20230615_140000-scaled-e1688634424878.jpg\" \/>\n\t<meta property=\"og:image:width\" content=\"1920\" \/>\n\t<meta property=\"og:image:height\" content=\"1280\" \/>\n\t<meta property=\"og:image:type\" content=\"image\/jpeg\" \/>\n<meta name=\"twitter:card\" content=\"summary_large_image\" \/>\n<meta name=\"twitter:label1\" content=\"Dur\u00e9e de lecture estim\u00e9e\" \/>\n\t<meta name=\"twitter:data1\" content=\"1 minute\" \/>\n<script type=\"application\/ld+json\" class=\"yoast-schema-graph\">{\"@context\":\"https:\/\/schema.org\",\"@graph\":[{\"@type\":\"WebPage\",\"@id\":\"https:\/\/farmservices.fr\/index.php\/camion-magasin\/\",\"url\":\"https:\/\/farmservices.fr\/index.php\/camion-magasin\/\",\"name\":\"Camion magasin - Farm Services\",\"isPartOf\":{\"@id\":\"https:\/\/farmservices.fr\/#website\"},\"primaryImageOfPage\":{\"@id\":\"https:\/\/farmservices.fr\/index.php\/camion-magasin\/#primaryimage\"},\"image\":{\"@id\":\"https:\/\/farmservices.fr\/index.php\/camion-magasin\/#primaryimage\"},\"thumbnailUrl\":\"https:\/\/farmservices.fr\/wp-content\/uploads\/2023\/07\/20230615_140000-scaled-e1688634424878.jpg\",\"datePublished\":\"2023-07-06T07:44:22+00:00\",\"dateModified\":\"2023-08-01T07:58:59+00:00\",\"description\":\"Notre camion magasin livre chez vous tout l'essentiel de la ferme. Commandez \u00e9galement des pi\u00e8ces sp\u00e9cifique et recevez les chez vous !\",\"breadcrumb\":{\"@id\":\"https:\/\/farmservices.fr\/index.php\/camion-magasin\/#breadcrumb\"},\"inLanguage\":\"fr-FR\",\"potentialAction\":[{\"@type\":\"ReadAction\",\"target\":[\"https:\/\/farmservices.fr\/index.php\/camion-magasin\/\"]}]},{\"@type\":\"ImageObject\",\"inLanguage\":\"fr-FR\",\"@id\":\"https:\/\/farmservices.fr\/index.php\/camion-magasin\/#primaryimage\",\"url\":\"https:\/\/farmservices.fr\/wp-content\/uploads\/2023\/07\/20230615_140000-scaled-e1688634424878.jpg\",\"contentUrl\":\"https:\/\/farmservices.fr\/wp-content\/uploads\/2023\/07\/20230615_140000-scaled-e1688634424878.jpg\",\"width\":1920,\"height\":1280},{\"@type\":\"BreadcrumbList\",\"@id\":\"https:\/\/farmservices.fr\/index.php\/camion-magasin\/#breadcrumb\",\"itemListElement\":[{\"@type\":\"ListItem\",\"position\":1,\"name\":\"acceuil\",\"item\":\"https:\/\/farmservices.fr\/\"},{\"@type\":\"ListItem\",\"position\":2,\"name\":\"Camion magasin\"}]},{\"@type\":\"WebSite\",\"@id\":\"https:\/\/farmservices.fr\/#website\",\"url\":\"https:\/\/farmservices.fr\/\",\"name\":\"Farm Services\",\"description\":\"Farm-Services, le service \u00e0 la ferme\",\"potentialAction\":[{\"@type\":\"SearchAction\",\"target\":{\"@type\":\"EntryPoint\",\"urlTemplate\":\"https:\/\/farmservices.fr\/?s={search_term_string}\"},\"query-input\":{\"@type\":\"PropertyValueSpecification\",\"valueRequired\":true,\"valueName\":\"search_term_string\"}}],\"inLanguage\":\"fr-FR\"}]}<\/script>\n<!-- \/ Yoast SEO plugin. -->","yoast_head_json":{"title":"Camion magasin - Farm Services","description":"Notre camion magasin livre chez vous tout l'essentiel de la ferme. Commandez \u00e9galement des pi\u00e8ces sp\u00e9cifique et recevez les chez vous !","robots":{"index":"index","follow":"follow","max-snippet":"max-snippet:-1","max-image-preview":"max-image-preview:large","max-video-preview":"max-video-preview:-1"},"canonical":"https:\/\/farmservices.fr\/index.php\/camion-magasin\/","og_locale":"fr_FR","og_type":"article","og_title":"Camion magasin - Farm Services","og_description":"Notre camion magasin livre chez vous tout l'essentiel de la ferme. Commandez \u00e9galement des pi\u00e8ces sp\u00e9cifique et recevez les chez vous !","og_url":"https:\/\/farmservices.fr\/index.php\/camion-magasin\/","og_site_name":"Farm Services","article_publisher":"https:\/\/www.facebook.com\/p\/Farm-Services-100081204763867\/","article_modified_time":"2023-08-01T07:58:59+00:00","og_image":[{"width":1920,"height":1280,"url":"https:\/\/farmservices.fr\/wp-content\/uploads\/2023\/07\/20230615_140000-scaled-e1688634424878.jpg","type":"image\/jpeg"}],"twitter_card":"summary_large_image","twitter_misc":{"Dur\u00e9e de lecture estim\u00e9e":"1 minute"},"schema":{"@context":"https:\/\/schema.org","@graph":[{"@type":"WebPage","@id":"https:\/\/farmservices.fr\/index.php\/camion-magasin\/","url":"https:\/\/farmservices.fr\/index.php\/camion-magasin\/","name":"Camion magasin - Farm Services","isPartOf":{"@id":"https:\/\/farmservices.fr\/#website"},"primaryImageOfPage":{"@id":"https:\/\/farmservices.fr\/index.php\/camion-magasin\/#primaryimage"},"image":{"@id":"https:\/\/farmservices.fr\/index.php\/camion-magasin\/#primaryimage"},"thumbnailUrl":"https:\/\/farmservices.fr\/wp-content\/uploads\/2023\/07\/20230615_140000-scaled-e1688634424878.jpg","datePublished":"2023-07-06T07:44:22+00:00","dateModified":"2023-08-01T07:58:59+00:00","description":"Notre camion magasin livre chez vous tout l'essentiel de la ferme. Commandez \u00e9galement des pi\u00e8ces sp\u00e9cifique et recevez les chez vous !","breadcrumb":{"@id":"https:\/\/farmservices.fr\/index.php\/camion-magasin\/#breadcrumb"},"inLanguage":"fr-FR","potentialAction":[{"@type":"ReadAction","target":["https:\/\/farmservices.fr\/index.php\/camion-magasin\/"]}]},{"@type":"ImageObject","inLanguage":"fr-FR","@id":"https:\/\/farmservices.fr\/index.php\/camion-magasin\/#primaryimage","url":"https:\/\/farmservices.fr\/wp-content\/uploads\/2023\/07\/20230615_140000-scaled-e1688634424878.jpg","contentUrl":"https:\/\/farmservices.fr\/wp-content\/uploads\/2023\/07\/20230615_140000-scaled-e1688634424878.jpg","width":1920,"height":1280},{"@type":"BreadcrumbList","@id":"https:\/\/farmservices.fr\/index.php\/camion-magasin\/#breadcrumb","itemListElement":[{"@type":"ListItem","position":1,"name":"acceuil","item":"https:\/\/farmservices.fr\/"},{"@type":"ListItem","position":2,"name":"Camion magasin"}]},{"@type":"WebSite","@id":"https:\/\/farmservices.fr\/#website","url":"https:\/\/farmservices.fr\/","name":"Farm Services","description":"Farm-Services, le service \u00e0 la ferme","potentialAction":[{"@type":"SearchAction","target":{"@type":"EntryPoint","urlTemplate":"https:\/\/farmservices.fr\/?s={search_term_string}"},"query-input":{"@type":"PropertyValueSpecification","valueRequired":true,"valueName":"search_term_string"}}],"inLanguage":"fr-FR"}]}},"_links":{"self":[{"href":"https:\/\/farmservices.fr\/index.php\/wp-json\/wp\/v2\/pages\/61","targetHints":{"allow":["GET"]}}],"collection":[{"href":"https:\/\/farmservices.fr\/index.php\/wp-json\/wp\/v2\/pages"}],"about":[{"href":"https:\/\/farmservices.fr\/index.php\/wp-json\/wp\/v2\/types\/page"}],"author":[{"embeddable":true,"href":"https:\/\/farmservices.fr\/index.php\/wp-json\/wp\/v2\/users\/1"}],"replies":[{"embeddable":true,"href":"https:\/\/farmservices.fr\/index.php\/wp-json\/wp\/v2\/comments?post=61"}],"version-history":[{"count":21,"href":"https:\/\/farmservices.fr\/index.php\/wp-json\/wp\/v2\/pages\/61\/revisions"}],"predecessor-version":[{"id":1905,"href":"https:\/\/farmservices.fr\/index.php\/wp-json\/wp\/v2\/pages\/61\/revisions\/1905"}],"wp:featuredmedia":[{"embeddable":true,"href":"https:\/\/farmservices.fr\/index.php\/wp-json\/wp\/v2\/media\/88"}],"wp:attachment":[{"href":"https:\/\/farmservices.fr\/index.php\/wp-json\/wp\/v2\/media?parent=61"}],"curies":[{"name":"wp","href":"https:\/\/api.w.org\/{rel}","templated":true}]}}