{"id":9,"date":"2023-07-06T06:31:56","date_gmt":"2023-07-06T06:31:56","guid":{"rendered":"https:\/\/farmservices.fr\/?page_id=9"},"modified":"2025-03-04T22:40:44","modified_gmt":"2025-03-04T20:40:44","slug":"farm-services-farm-services-depannage","status":"publish","type":"page","link":"https:\/\/farmservices.fr\/","title":{"rendered":"Accueil"},"content":{"rendered":"\t\t<div data-elementor-type=\"wp-page\" data-elementor-id=\"9\" class=\"elementor elementor-9\">\n\t\t\t\t\t\t<section class=\"elementor-section elementor-top-section elementor-element elementor-element-a1d1ce5 elementor-section-height-min-height elementor-section-boxed elementor-section-height-default elementor-section-items-middle exad-glass-effect-no exad-sticky-section-no\" data-id=\"a1d1ce5\" data-element_type=\"section\" data-e-type=\"section\">\n\t\t\t\t\t\t<div class=\"elementor-container elementor-column-gap-default\">\n\t\t\t\t\t<div class=\"elementor-column elementor-col-100 elementor-top-column elementor-element elementor-element-a1afe6c exad-glass-effect-no exad-sticky-section-no\" data-id=\"a1afe6c\" data-element_type=\"column\" data-e-type=\"column\">\n\t\t\t<div class=\"elementor-widget-wrap elementor-element-populated\">\n\t\t\t\t\t\t<div class=\"elementor-element elementor-element-08418e1 exad-sticky-section-no exad-glass-effect-no elementor-widget elementor-widget-heading\" data-id=\"08418e1\" data-element_type=\"widget\" data-e-type=\"widget\" data-widget_type=\"heading.default\">\n\t\t\t\t<div class=\"elementor-widget-container\">\n\t\t\t\t\t<h2 class=\"elementor-heading-title elementor-size-default\">Bienvenue sur le site <br>farm services<\/h2>\t\t\t\t<\/div>\n\t\t\t\t<\/div>\n\t\t\t\t\t<\/div>\n\t\t<\/div>\n\t\t\t\t\t<\/div>\n\t\t<\/section>\n\t\t\t\t<section class=\"elementor-section elementor-top-section elementor-element elementor-element-13b7e6f elementor-section-boxed elementor-section-height-default elementor-section-height-default exad-glass-effect-no exad-sticky-section-no\" data-id=\"13b7e6f\" data-element_type=\"section\" data-e-type=\"section\">\n\t\t\t\t\t\t<div class=\"elementor-container elementor-column-gap-default\">\n\t\t\t\t\t<div class=\"elementor-column elementor-col-100 elementor-top-column elementor-element elementor-element-8d762c5 exad-glass-effect-no exad-sticky-section-no\" data-id=\"8d762c5\" data-element_type=\"column\" data-e-type=\"column\">\n\t\t\t<div class=\"elementor-widget-wrap elementor-element-populated\">\n\t\t\t\t\t\t<div class=\"elementor-element elementor-element-8227332 exad-sticky-section-no exad-glass-effect-no elementor-invisible elementor-widget elementor-widget-text-editor\" data-id=\"8227332\" data-element_type=\"widget\" data-e-type=\"widget\" data-settings=\"{&quot;_animation&quot;:&quot;slideInRight&quot;}\" data-widget_type=\"text-editor.default\">\n\t\t\t\t<div class=\"elementor-widget-container\">\n\t\t\t\t\t\t\t\t\t<h2 class=\"elementor-heading-title elementor-size-default elementor-inline-editing pen\" style=\"color: #448e3a; font-family: var( --e-global-typography-primary-font-family ), Sans-serif; word-spacing: 0px; font-weight: var( --e-global-typography-primary-font-weight ); text-align: left;\" data-elementor-setting-key=\"title\" data-pen-placeholder=\"\u00c9crivez ici...\"><span style=\"color: #008000;\">\u00a0 \u00a0 \u00a0 \u00a0 ACTUALIT\u00c9S<\/span><\/h2>\t\t\t\t\t\t\t\t<\/div>\n\t\t\t\t<\/div>\n\t\t\t\t<div class=\"exad-link-anything-wrapper elementor-element elementor-element-3ec8b5a elementor-align-right exad-sticky-section-no exad-glass-effect-no elementor-invisible elementor-widget elementor-widget-button\" data-exad-element-link=\"{&quot;url&quot;:&quot;https:\\\/\\\/farmservices.fr\\\/wp-content\\\/uploads\\\/2023\\\/11\\\/CATALOGUE-ELEVAGE-FARM-SERVICES.pdf&quot;,&quot;is_external&quot;:&quot;on&quot;,&quot;nofollow&quot;:&quot;&quot;,&quot;custom_attributes&quot;:&quot;&quot;}\" style=\"cursor: pointer\" data-id=\"3ec8b5a\" data-element_type=\"widget\" data-e-type=\"widget\" data-settings=\"{&quot;_animation&quot;:&quot;slideInLeft&quot;}\" data-widget_type=\"button.default\">\n\t\t\t\t<div class=\"elementor-widget-container\">\n\t\t\t\t\t\t\t\t\t<div class=\"elementor-button-wrapper\">\n\t\t\t\t\t<a class=\"elementor-button elementor-size-sm elementor-animation-push\" role=\"button\">\n\t\t\t\t\t\t<span class=\"elementor-button-content-wrapper\">\n\t\t\t\t\t\t<span class=\"elementor-button-icon\">\n\t\t\t\t<i aria-hidden=\"true\" class=\"feather icon-download\"><\/i>\t\t\t<\/span>\n\t\t\t\t\t\t\t\t\t<span class=\"elementor-button-text\">Brochure Elevage<\/span>\n\t\t\t\t\t<\/span>\n\t\t\t\t\t<\/a>\n\t\t\t\t<\/div>\n\t\t\t\t\t\t\t\t<\/div>\n\t\t\t\t<\/div>\n\t\t\t\t<div class=\"exad-link-anything-wrapper elementor-element elementor-element-ee60ea2 elementor-align-right exad-sticky-section-no exad-glass-effect-no elementor-invisible elementor-widget elementor-widget-button\" data-exad-element-link=\"{&quot;url&quot;:&quot;https:\\\/\\\/farmservices.fr\\\/wp-content\\\/uploads\\\/2023\\\/08\\\/Catalogue-produit-du-quotidien.pdf&quot;,&quot;is_external&quot;:&quot;on&quot;,&quot;nofollow&quot;:&quot;&quot;,&quot;custom_attributes&quot;:&quot;&quot;}\" style=\"cursor: pointer\" data-id=\"ee60ea2\" data-element_type=\"widget\" data-e-type=\"widget\" data-settings=\"{&quot;_animation&quot;:&quot;slideInLeft&quot;}\" data-widget_type=\"button.default\">\n\t\t\t\t<div class=\"elementor-widget-container\">\n\t\t\t\t\t\t\t\t\t<div class=\"elementor-button-wrapper\">\n\t\t\t\t\t<a class=\"elementor-button elementor-size-sm elementor-animation-push\" role=\"button\">\n\t\t\t\t\t\t<span class=\"elementor-button-content-wrapper\">\n\t\t\t\t\t\t<span class=\"elementor-button-icon\">\n\t\t\t\t<i aria-hidden=\"true\" class=\"feather icon-download\"><\/i>\t\t\t<\/span>\n\t\t\t\t\t\t\t\t\t<span class=\"elementor-button-text\">Brochure Produits M\u00e9nagers<\/span>\n\t\t\t\t\t<\/span>\n\t\t\t\t\t<\/a>\n\t\t\t\t<\/div>\n\t\t\t\t\t\t\t\t<\/div>\n\t\t\t\t<\/div>\n\t\t\t\t<div class=\"elementor-element elementor-element-d81685a exad-sticky-section-no exad-glass-effect-no elementor-widget elementor-widget-spacer\" data-id=\"d81685a\" data-element_type=\"widget\" data-e-type=\"widget\" data-widget_type=\"spacer.default\">\n\t\t\t\t<div class=\"elementor-widget-container\">\n\t\t\t\t\t\t\t<div class=\"elementor-spacer\">\n\t\t\t<div class=\"elementor-spacer-inner\"><\/div>\n\t\t<\/div>\n\t\t\t\t\t\t<\/div>\n\t\t\t\t<\/div>\n\t\t\t\t\t<\/div>\n\t\t<\/div>\n\t\t\t\t\t<\/div>\n\t\t<\/section>\n\t\t\t\t<section class=\"elementor-section elementor-top-section elementor-element elementor-element-80defa4 elementor-section-boxed elementor-section-height-default elementor-section-height-default exad-glass-effect-no exad-sticky-section-no\" data-id=\"80defa4\" data-element_type=\"section\" data-e-type=\"section\">\n\t\t\t\t\t\t<div class=\"elementor-container elementor-column-gap-default\">\n\t\t\t\t\t<div class=\"elementor-column elementor-col-100 elementor-top-column elementor-element elementor-element-1e48d6d exad-glass-effect-no exad-sticky-section-no\" data-id=\"1e48d6d\" data-element_type=\"column\" data-e-type=\"column\">\n\t\t\t<div class=\"elementor-widget-wrap elementor-element-populated\">\n\t\t\t\t\t\t<div class=\"elementor-element elementor-element-4d3fd9a animated-slow exad-sticky-section-no exad-glass-effect-no elementor-invisible elementor-widget elementor-widget-a13fe-post-list\" data-id=\"4d3fd9a\" data-element_type=\"widget\" data-e-type=\"widget\" data-settings=\"{&quot;_animation&quot;:&quot;slideInUp&quot;,&quot;_animation_delay&quot;:100}\" data-widget_type=\"a13fe-post-list.default\">\n\t\t\t\t<div class=\"elementor-widget-container\">\n\t\t\t\t\t<div class=\"bricks-frame posts-bricks posts-bricks-1  posts_horizontal posts-columns-1\"><div class=\"posts-grid-container\" data-margin=\"5\"><div class=\"grid-master\"><\/div><div class=\"archive-item w1 post-1954 post type-post status-publish format-standard has-post-thumbnail category-blog\" data-category-1=\"1\" itemtype=\"https:\/\/schema.org\/CreativeWork\" itemscope><div class=\"item-image post-media\"><a href=\"https:\/\/farmservices.fr\/index.php\/2023\/08\/31\/aspirateurcrd\/\"><img decoding=\"async\" width=\"420\" src=\"https:\/\/farmservices.fr\/wp-content\/uploads\/apollo13_images\/DSC_9023-scaled-7fd0lzstr4tw1xumk1yl5k6ilnko9w2qpm.jpg\" class=\"attachment-420x0x1xx90 size-420x0x1xx90 wp-post-image\" alt=\"\" itemprop=\"image\" \/><\/a><\/div>\r\n<div class=\"formatter\">\r\n    <div class=\"real-content hentry\">\r\n\r\n        <h2 class=\"post-title entry-title\" itemprop=\"headline\"><a href=\"https:\/\/farmservices.fr\/index.php\/2023\/08\/31\/aspirateurcrd\/\" itemprop=\"url\">Aspirateur CRD<\/a><\/h2>\r\n        <div class=\"entry-summary\" itemprop=\"text\">\r\n        <p>Aspirateur \u00e0 lisier crd Robot aspirateur CRD, avec 350L de stockage et 70L de r\u00e9serve d&rsquo;eau pour permettre un meilleur&hellip;<\/p>\n<p> <a class=\"more-link\" href=\"https:\/\/farmservices.fr\/index.php\/2023\/08\/31\/aspirateurcrd\/\">Lire la suite<\/a><\/p>\n        <\/div>\r\n\r\n        <div class=\"clear\"><\/div>\r\n\r\n                \r\n    <\/div>\r\n<\/div><div class=\"clear\"><\/div><\/div><div class=\"archive-item w1 post-209 post type-post status-publish format-standard has-post-thumbnail category-blog tag-blog\" data-category-1=\"1\" itemtype=\"https:\/\/schema.org\/CreativeWork\" itemscope><div class=\"item-image post-media\"><a href=\"https:\/\/farmservices.fr\/index.php\/2023\/07\/06\/montage-salle-de-traite-ambulante\/\"><img decoding=\"async\" width=\"420\" src=\"https:\/\/farmservices.fr\/wp-content\/uploads\/apollo13_images\/20230510_095421-scaled-e1688636814413-7f2t0c6p6nopdlb99ncdoq48lkz7uarklm.jpg\" class=\"attachment-420x0x1xx90 size-420x0x1xx90 wp-post-image\" alt=\"\" itemprop=\"image\" \/><\/a><\/div>\r\n<div class=\"formatter\">\r\n    <div class=\"real-content hentry\">\r\n\r\n        <h2 class=\"post-title entry-title\" itemprop=\"headline\"><a href=\"https:\/\/farmservices.fr\/index.php\/2023\/07\/06\/montage-salle-de-traite-ambulante\/\" itemprop=\"url\">Montage salle de traite ambulante<\/a><\/h2>\r\n        <div class=\"entry-summary\" itemprop=\"text\">\r\n        <p>Contexte Un agriculteur nous a contact\u00e9 pour construire un projet de salle de traite mobile, afin de pouvoir traire ses&hellip;<\/p>\n<p> <a class=\"more-link\" href=\"https:\/\/farmservices.fr\/index.php\/2023\/07\/06\/montage-salle-de-traite-ambulante\/\">Lire la suite<\/a><\/p>\n        <\/div>\r\n\r\n        <div class=\"clear\"><\/div>\r\n\r\n                \r\n    <\/div>\r\n<\/div><div class=\"clear\"><\/div><\/div><div class=\"archive-item w1 post-192 post type-post status-publish format-standard has-post-thumbnail category-blog\" data-category-1=\"1\" itemtype=\"https:\/\/schema.org\/CreativeWork\" itemscope><div class=\"item-image post-media\"><a href=\"https:\/\/farmservices.fr\/index.php\/2023\/07\/06\/nouveau-camion-magasin\/\"><img decoding=\"async\" width=\"420\" src=\"https:\/\/farmservices.fr\/wp-content\/uploads\/apollo13_images\/20230615_140000-scaled-e1688634424878-7f2t0n23fthlvreffnpyhpope0n58crjju.jpg\" class=\"attachment-420x0x1xx90 size-420x0x1xx90 wp-post-image\" alt=\"\" itemprop=\"image\" \/><\/a><\/div>\r\n<div class=\"formatter\">\r\n    <div class=\"real-content hentry\">\r\n\r\n        <h2 class=\"post-title entry-title\" itemprop=\"headline\"><a href=\"https:\/\/farmservices.fr\/index.php\/2023\/07\/06\/nouveau-camion-magasin\/\" itemprop=\"url\">Nouveau Camion Magasin<\/a><\/h2>\r\n        <div class=\"entry-summary\" itemprop=\"text\">\r\n        <p>Nouveau service D\u00e8s maintenant, Farm-Services vous propose son\u00a0nouveau camion magasin. Vous y retrouverez tout l&rsquo;essentiel pour votre \u00e9levage directement chez&hellip;<\/p>\n<p> <a class=\"more-link\" href=\"https:\/\/farmservices.fr\/index.php\/2023\/07\/06\/nouveau-camion-magasin\/\">Lire la suite<\/a><\/p>\n        <\/div>\r\n\r\n        <div class=\"clear\"><\/div>\r\n\r\n                \r\n    <\/div>\r\n<\/div><div class=\"clear\"><\/div><\/div><\/div><\/div>\t\t\t\t<\/div>\n\t\t\t\t<\/div>\n\t\t\t\t\t<\/div>\n\t\t<\/div>\n\t\t\t\t\t<\/div>\n\t\t<\/section>\n\t\t\t\t<section class=\"elementor-section elementor-top-section elementor-element elementor-element-f70a09f elementor-section-boxed elementor-section-height-default elementor-section-height-default exad-glass-effect-no exad-sticky-section-no\" data-id=\"f70a09f\" data-element_type=\"section\" data-e-type=\"section\">\n\t\t\t\t\t\t<div class=\"elementor-container elementor-column-gap-default\">\n\t\t\t\t\t<div class=\"elementor-column elementor-col-100 elementor-top-column elementor-element elementor-element-7db29f3 exad-glass-effect-no exad-sticky-section-no\" data-id=\"7db29f3\" data-element_type=\"column\" data-e-type=\"column\">\n\t\t\t<div class=\"elementor-widget-wrap\">\n\t\t\t\t\t\t\t<\/div>\n\t\t<\/div>\n\t\t\t\t\t<\/div>\n\t\t<\/section>\n\t\t\t\t<\/div>\n\t\t","protected":false},"excerpt":{"rendered":"<p>Bienvenue sur le site farm services \u00a0 \u00a0 \u00a0 \u00a0 ACTUALIT\u00c9S Brochure Elevage Brochure Produits M\u00e9nagers Aspirateur CRD Aspirateur \u00e0&hellip;<\/p>\n<p> <a class=\"more-link\" href=\"https:\/\/farmservices.fr\/index.php\/2023\/07\/06\/nouveau-camion-magasin\/\">Lire la suite<\/a><\/p>\n","protected":false},"author":1,"featured_media":0,"parent":0,"menu_order":0,"comment_status":"closed","ping_status":"closed","template":"","meta":{"footnotes":""},"class_list":["post-9","page","type-page","status-publish"],"yoast_head":"<!-- This site is optimized with the Yoast SEO plugin v26.8 - https:\/\/yoast.com\/product\/yoast-seo-wordpress\/ -->\n<title>Accueil - Farm Services<\/title>\n<meta name=\"description\" content=\"Farm services vous accompagne dans tous vos projets d&#039;am\u00e9nagement, de r\u00e9novation et d&#039;entretien de votre mat\u00e9riel et b\u00e2timent d&#039;\u00e9levage.\" \/>\n<meta name=\"robots\" content=\"index, follow, max-snippet:-1, max-image-preview:large, max-video-preview:-1\" \/>\n<link rel=\"canonical\" href=\"https:\/\/farmservices.fr\/\" \/>\n<meta property=\"og:locale\" content=\"fr_FR\" \/>\n<meta property=\"og:type\" content=\"article\" \/>\n<meta property=\"og:title\" content=\"Accueil - Farm Services\" \/>\n<meta property=\"og:description\" content=\"Farm services vous accompagne dans tous vos projets d&#039;am\u00e9nagement, de r\u00e9novation et d&#039;entretien de votre mat\u00e9riel et b\u00e2timent d&#039;\u00e9levage.\" \/>\n<meta property=\"og:url\" content=\"https:\/\/farmservices.fr\/\" \/>\n<meta property=\"og:site_name\" content=\"Farm Services\" \/>\n<meta property=\"article:publisher\" content=\"https:\/\/www.facebook.com\/p\/Farm-Services-100081204763867\/\" \/>\n<meta property=\"article:modified_time\" content=\"2025-03-04T20:40:44+00:00\" \/>\n<meta property=\"og:image\" content=\"https:\/\/farmservices.fr\/wp-content\/uploads\/apollo13_images\/DSC_9023-scaled-7fd0lzstr4tw1xumk1yl5k6ilnko9w2qpm.jpg\" \/>\n<meta name=\"twitter:card\" content=\"summary_large_image\" \/>\n<meta name=\"twitter:label1\" content=\"Dur\u00e9e de lecture estim\u00e9e\" \/>\n\t<meta name=\"twitter:data1\" content=\"2 minutes\" \/>\n<script type=\"application\/ld+json\" class=\"yoast-schema-graph\">{\"@context\":\"https:\/\/schema.org\",\"@graph\":[{\"@type\":\"WebPage\",\"@id\":\"https:\/\/farmservices.fr\/\",\"url\":\"https:\/\/farmservices.fr\/\",\"name\":\"Accueil - Farm Services\",\"isPartOf\":{\"@id\":\"https:\/\/farmservices.fr\/#website\"},\"primaryImageOfPage\":{\"@id\":\"https:\/\/farmservices.fr\/#primaryimage\"},\"image\":{\"@id\":\"https:\/\/farmservices.fr\/#primaryimage\"},\"thumbnailUrl\":\"https:\/\/farmservices.fr\/wp-content\/uploads\/apollo13_images\/DSC_9023-scaled-7fd0lzstr4tw1xumk1yl5k6ilnko9w2qpm.jpg\",\"datePublished\":\"2023-07-06T06:31:56+00:00\",\"dateModified\":\"2025-03-04T20:40:44+00:00\",\"description\":\"Farm services vous accompagne dans tous vos projets d'am\u00e9nagement, de r\u00e9novation et d'entretien de votre mat\u00e9riel et b\u00e2timent d'\u00e9levage.\",\"breadcrumb\":{\"@id\":\"https:\/\/farmservices.fr\/#breadcrumb\"},\"inLanguage\":\"fr-FR\",\"potentialAction\":[{\"@type\":\"ReadAction\",\"target\":[\"https:\/\/farmservices.fr\/\"]}]},{\"@type\":\"ImageObject\",\"inLanguage\":\"fr-FR\",\"@id\":\"https:\/\/farmservices.fr\/#primaryimage\",\"url\":\"https:\/\/farmservices.fr\/wp-content\/uploads\/apollo13_images\/DSC_9023-scaled-7fd0lzstr4tw1xumk1yl5k6ilnko9w2qpm.jpg\",\"contentUrl\":\"https:\/\/farmservices.fr\/wp-content\/uploads\/apollo13_images\/DSC_9023-scaled-7fd0lzstr4tw1xumk1yl5k6ilnko9w2qpm.jpg\"},{\"@type\":\"BreadcrumbList\",\"@id\":\"https:\/\/farmservices.fr\/#breadcrumb\",\"itemListElement\":[{\"@type\":\"ListItem\",\"position\":1,\"name\":\"acceuil\",\"item\":\"https:\/\/farmservices.fr\/\"},{\"@type\":\"ListItem\",\"position\":2,\"name\":\"Accueil\"}]},{\"@type\":\"WebSite\",\"@id\":\"https:\/\/farmservices.fr\/#website\",\"url\":\"https:\/\/farmservices.fr\/\",\"name\":\"Farm Services\",\"description\":\"Farm-Services, le service \u00e0 la ferme\",\"potentialAction\":[{\"@type\":\"SearchAction\",\"target\":{\"@type\":\"EntryPoint\",\"urlTemplate\":\"https:\/\/farmservices.fr\/?s={search_term_string}\"},\"query-input\":{\"@type\":\"PropertyValueSpecification\",\"valueRequired\":true,\"valueName\":\"search_term_string\"}}],\"inLanguage\":\"fr-FR\"}]}<\/script>\n<!-- \/ Yoast SEO plugin. -->","yoast_head_json":{"title":"Accueil - Farm Services","description":"Farm services vous accompagne dans tous vos projets d'am\u00e9nagement, de r\u00e9novation et d'entretien de votre mat\u00e9riel et b\u00e2timent d'\u00e9levage.","robots":{"index":"index","follow":"follow","max-snippet":"max-snippet:-1","max-image-preview":"max-image-preview:large","max-video-preview":"max-video-preview:-1"},"canonical":"https:\/\/farmservices.fr\/","og_locale":"fr_FR","og_type":"article","og_title":"Accueil - Farm Services","og_description":"Farm services vous accompagne dans tous vos projets d'am\u00e9nagement, de r\u00e9novation et d'entretien de votre mat\u00e9riel et b\u00e2timent d'\u00e9levage.","og_url":"https:\/\/farmservices.fr\/","og_site_name":"Farm Services","article_publisher":"https:\/\/www.facebook.com\/p\/Farm-Services-100081204763867\/","article_modified_time":"2025-03-04T20:40:44+00:00","og_image":[{"url":"https:\/\/farmservices.fr\/wp-content\/uploads\/apollo13_images\/DSC_9023-scaled-7fd0lzstr4tw1xumk1yl5k6ilnko9w2qpm.jpg","type":"","width":"","height":""}],"twitter_card":"summary_large_image","twitter_misc":{"Dur\u00e9e de lecture estim\u00e9e":"2 minutes"},"schema":{"@context":"https:\/\/schema.org","@graph":[{"@type":"WebPage","@id":"https:\/\/farmservices.fr\/","url":"https:\/\/farmservices.fr\/","name":"Accueil - Farm Services","isPartOf":{"@id":"https:\/\/farmservices.fr\/#website"},"primaryImageOfPage":{"@id":"https:\/\/farmservices.fr\/#primaryimage"},"image":{"@id":"https:\/\/farmservices.fr\/#primaryimage"},"thumbnailUrl":"https:\/\/farmservices.fr\/wp-content\/uploads\/apollo13_images\/DSC_9023-scaled-7fd0lzstr4tw1xumk1yl5k6ilnko9w2qpm.jpg","datePublished":"2023-07-06T06:31:56+00:00","dateModified":"2025-03-04T20:40:44+00:00","description":"Farm services vous accompagne dans tous vos projets d'am\u00e9nagement, de r\u00e9novation et d'entretien de votre mat\u00e9riel et b\u00e2timent d'\u00e9levage.","breadcrumb":{"@id":"https:\/\/farmservices.fr\/#breadcrumb"},"inLanguage":"fr-FR","potentialAction":[{"@type":"ReadAction","target":["https:\/\/farmservices.fr\/"]}]},{"@type":"ImageObject","inLanguage":"fr-FR","@id":"https:\/\/farmservices.fr\/#primaryimage","url":"https:\/\/farmservices.fr\/wp-content\/uploads\/apollo13_images\/DSC_9023-scaled-7fd0lzstr4tw1xumk1yl5k6ilnko9w2qpm.jpg","contentUrl":"https:\/\/farmservices.fr\/wp-content\/uploads\/apollo13_images\/DSC_9023-scaled-7fd0lzstr4tw1xumk1yl5k6ilnko9w2qpm.jpg"},{"@type":"BreadcrumbList","@id":"https:\/\/farmservices.fr\/#breadcrumb","itemListElement":[{"@type":"ListItem","position":1,"name":"acceuil","item":"https:\/\/farmservices.fr\/"},{"@type":"ListItem","position":2,"name":"Accueil"}]},{"@type":"WebSite","@id":"https:\/\/farmservices.fr\/#website","url":"https:\/\/farmservices.fr\/","name":"Farm Services","description":"Farm-Services, le service \u00e0 la ferme","potentialAction":[{"@type":"SearchAction","target":{"@type":"EntryPoint","urlTemplate":"https:\/\/farmservices.fr\/?s={search_term_string}"},"query-input":{"@type":"PropertyValueSpecification","valueRequired":true,"valueName":"search_term_string"}}],"inLanguage":"fr-FR"}]}},"_links":{"self":[{"href":"https:\/\/farmservices.fr\/index.php\/wp-json\/wp\/v2\/pages\/9","targetHints":{"allow":["GET"]}}],"collection":[{"href":"https:\/\/farmservices.fr\/index.php\/wp-json\/wp\/v2\/pages"}],"about":[{"href":"https:\/\/farmservices.fr\/index.php\/wp-json\/wp\/v2\/types\/page"}],"author":[{"embeddable":true,"href":"https:\/\/farmservices.fr\/index.php\/wp-json\/wp\/v2\/users\/1"}],"replies":[{"embeddable":true,"href":"https:\/\/farmservices.fr\/index.php\/wp-json\/wp\/v2\/comments?post=9"}],"version-history":[{"count":143,"href":"https:\/\/farmservices.fr\/index.php\/wp-json\/wp\/v2\/pages\/9\/revisions"}],"predecessor-version":[{"id":2142,"href":"https:\/\/farmservices.fr\/index.php\/wp-json\/wp\/v2\/pages\/9\/revisions\/2142"}],"wp:attachment":[{"href":"https:\/\/farmservices.fr\/index.php\/wp-json\/wp\/v2\/media?parent=9"}],"curies":[{"name":"wp","href":"https:\/\/api.w.org\/{rel}","templated":true}]}}